{"id":2412,"date":"2021-05-18T18:27:31","date_gmt":"2021-05-18T23:27:31","guid":{"rendered":"https:\/\/qrosoft.mx\/tiendabosquedeniebla\/product\/feijoa-de-semilla\/"},"modified":"2025-12-15T09:11:50","modified_gmt":"2025-12-15T15:11:50","slug":"feijoa","status":"publish","type":"product","link":"https:\/\/qrosoft.mx\/tiendabosquedeniebla\/product\/feijoa\/","title":{"rendered":"Feijoa"},"content":{"rendered":"<h4>Feijoa &#8211; <em>Acca sellowiana<\/em><\/h4>\n<ul>\n<li><strong>Familia:<\/strong> Myrtaceae<\/li>\n<li><strong>Origen:<\/strong> Sudam\u00e9rica<\/li>\n<li><strong>Otros nombres:<\/strong> Guayaba pi\u00f1a<\/li>\n<li><strong>Descripci\u00f3n:<\/strong> \u00c1rbol perenne de 3 a 5m de alto, muy ramificado.<\/li>\n<li><strong>Usos:<\/strong> Frutos y flores comestibles. El \u00e1rbol de la feijoa por la belleza de sus hojas y flores es considerado como \u00e1rbol ornamental.<\/li>\n<li><strong>Clima:<\/strong> Prefiere temperaturas de 11 y 22\u00b0C y altitud de 1,600 a 3,000msnm. Y una precipitaci\u00f3n de 600 a 1,200 mm anuales, bien distribuidos durante el a\u00f1o, adem\u00e1s de una humedad relativa del 70% en promedio. No resiste los vientos fuertes.<\/li>\n<li><strong>Zonas:<\/strong> 3 y 4.<\/li>\n<li><strong>Siembra:<\/strong> Prefiere los suelos bien drenados ya que no resiste el encharcamiento.<\/li>\n<\/ul>\n","protected":false},"excerpt":{"rendered":"<p>Frutal de clima subtropical a templado<\/p>\n","protected":false},"featured_media":2140,"comment_status":"open","ping_status":"closed","template":"","meta":{"inline_featured_image":false,"_monsterinsights_skip_tracking":false,"_monsterinsights_sitenote_active":false,"_monsterinsights_sitenote_note":"","_monsterinsights_sitenote_category":0},"product_brand":[],"product_cat":[80],"product_tag":[],"class_list":{"0":"post-2412","1":"product","2":"type-product","3":"status-publish","4":"has-post-thumbnail","6":"product_cat-frutales","8":"first","9":"instock","10":"shipping-taxable","11":"purchasable","12":"product-type-variable"},"_links":{"self":[{"href":"https:\/\/qrosoft.mx\/tiendabosquedeniebla\/wp-json\/wp\/v2\/product\/2412","targetHints":{"allow":["GET"]}}],"collection":[{"href":"https:\/\/qrosoft.mx\/tiendabosquedeniebla\/wp-json\/wp\/v2\/product"}],"about":[{"href":"https:\/\/qrosoft.mx\/tiendabosquedeniebla\/wp-json\/wp\/v2\/types\/product"}],"replies":[{"embeddable":true,"href":"https:\/\/qrosoft.mx\/tiendabosquedeniebla\/wp-json\/wp\/v2\/comments?post=2412"}],"wp:featuredmedia":[{"embeddable":true,"href":"https:\/\/qrosoft.mx\/tiendabosquedeniebla\/wp-json\/wp\/v2\/media\/2140"}],"wp:attachment":[{"href":"https:\/\/qrosoft.mx\/tiendabosquedeniebla\/wp-json\/wp\/v2\/media?parent=2412"}],"wp:term":[{"taxonomy":"product_brand","embeddable":true,"href":"https:\/\/qrosoft.mx\/tiendabosquedeniebla\/wp-json\/wp\/v2\/product_brand?post=2412"},{"taxonomy":"product_cat","embeddable":true,"href":"https:\/\/qrosoft.mx\/tiendabosquedeniebla\/wp-json\/wp\/v2\/product_cat?post=2412"},{"taxonomy":"product_tag","embeddable":true,"href":"https:\/\/qrosoft.mx\/tiendabosquedeniebla\/wp-json\/wp\/v2\/product_tag?post=2412"}],"curies":[{"name":"wp","href":"https:\/\/api.w.org\/{rel}","templated":true}]}}