{"id":2411,"date":"2021-05-18T18:27:31","date_gmt":"2021-05-18T23:27:31","guid":{"rendered":"https:\/\/qrosoft.mx\/tiendabosquedeniebla\/product\/estevia\/"},"modified":"2025-12-28T12:25:00","modified_gmt":"2025-12-28T18:25:00","slug":"estevia","status":"publish","type":"product","link":"https:\/\/qrosoft.mx\/tiendabosquedeniebla\/product\/estevia\/","title":{"rendered":"Estevia"},"content":{"rendered":"<h4>Estevia &#8211; <em>Stevia rebaudiana<\/em><\/h4>\n<ul>\n<li><strong>Familia:<\/strong> Asteraceae<\/li>\n<li><strong>Origen:<\/strong> Sur Am\u00e9rica<\/li>\n<li><strong>Otros nombres:<\/strong> Hierba dulce, Az\u00facar verde.<\/li>\n<li><strong>Descripci\u00f3n:<\/strong> Planta herb\u00e1cea perenne de hasta 80cm de altura.<\/li>\n<li><strong>Usos:<\/strong> Como sustituto de az\u00facar, sus hojas son 15 veces m\u00e1s dulces que el az\u00facar y no contiene calor\u00edas. Su sabor recuerda al \u201caspartame\u201d, pero si se usan las hojas en postres, estos se endulzan muy bien y ese sabor ya no se nota.<\/li>\n<li><strong>Clima:<\/strong> Tropical. Altura de 0 a 1,500msnm y lluvia de 1,400 a 1,800mm anuales. No soporta sequ\u00edas prolongadas ni heladas. Temperatura \u00f3ptima de 18 a 34\u00b0C, pero resiste hasta 43\u00b0C.<\/li>\n<li><strong>Zonas:<\/strong> 1 y 2.<\/li>\n<li><strong>Siembra:<\/strong> En lugar soleado a una distancia de 20cm entre plantas. Prefiere suelos arenosos bien drenados y ligeramente \u00e1cidos.<\/li>\n<\/ul>\n","protected":false},"excerpt":{"rendered":"<p>Planta medicinal perenne<\/p>\n","protected":false},"featured_media":2139,"comment_status":"open","ping_status":"closed","template":"","meta":{"inline_featured_image":false,"_monsterinsights_skip_tracking":false,"_monsterinsights_sitenote_active":false,"_monsterinsights_sitenote_note":"","_monsterinsights_sitenote_category":0},"product_brand":[],"product_cat":[260],"product_tag":[],"class_list":{"0":"post-2411","1":"product","2":"type-product","3":"status-publish","4":"has-post-thumbnail","6":"product_cat-medicinales-y-culinarias","8":"first","9":"instock","10":"shipping-taxable","11":"purchasable","12":"product-type-variable","13":"has-default-attributes"},"_links":{"self":[{"href":"https:\/\/qrosoft.mx\/tiendabosquedeniebla\/wp-json\/wp\/v2\/product\/2411","targetHints":{"allow":["GET"]}}],"collection":[{"href":"https:\/\/qrosoft.mx\/tiendabosquedeniebla\/wp-json\/wp\/v2\/product"}],"about":[{"href":"https:\/\/qrosoft.mx\/tiendabosquedeniebla\/wp-json\/wp\/v2\/types\/product"}],"replies":[{"embeddable":true,"href":"https:\/\/qrosoft.mx\/tiendabosquedeniebla\/wp-json\/wp\/v2\/comments?post=2411"}],"wp:featuredmedia":[{"embeddable":true,"href":"https:\/\/qrosoft.mx\/tiendabosquedeniebla\/wp-json\/wp\/v2\/media\/2139"}],"wp:attachment":[{"href":"https:\/\/qrosoft.mx\/tiendabosquedeniebla\/wp-json\/wp\/v2\/media?parent=2411"}],"wp:term":[{"taxonomy":"product_brand","embeddable":true,"href":"https:\/\/qrosoft.mx\/tiendabosquedeniebla\/wp-json\/wp\/v2\/product_brand?post=2411"},{"taxonomy":"product_cat","embeddable":true,"href":"https:\/\/qrosoft.mx\/tiendabosquedeniebla\/wp-json\/wp\/v2\/product_cat?post=2411"},{"taxonomy":"product_tag","embeddable":true,"href":"https:\/\/qrosoft.mx\/tiendabosquedeniebla\/wp-json\/wp\/v2\/product_tag?post=2411"}],"curies":[{"name":"wp","href":"https:\/\/api.w.org\/{rel}","templated":true}]}}