{"id":2402,"date":"2021-05-18T18:27:25","date_gmt":"2021-05-18T23:27:25","guid":{"rendered":"https:\/\/qrosoft.mx\/tiendabosquedeniebla\/product\/equinacea\/"},"modified":"2026-01-13T20:03:22","modified_gmt":"2026-01-14T02:03:22","slug":"equinacea","status":"publish","type":"product","link":"https:\/\/qrosoft.mx\/tiendabosquedeniebla\/product\/equinacea\/","title":{"rendered":"Equin\u00e1cea"},"content":{"rendered":"<h4><strong>Equin\u00e1cea &#8211; <em>Echinacea purpurea<\/em><\/strong><\/h4>\n<ul>\n<li><strong>Familia:<\/strong> Asteraceae<\/li>\n<li><strong>Origen:<\/strong> Norteam\u00e9rica<\/li>\n<li><strong>Area potencial de siembra por 0.5 g:<\/strong> 12.5m\u00b2<\/li>\n<li><strong>Semillas por 0.5 g:<\/strong> 150 aprox.<\/li>\n<li><strong>Descripci\u00f3n:<\/strong> Planta perenne, arom\u00e1tica con flores color p\u00farpura<\/li>\n<li><strong>Usos:<\/strong> Utilizada por los Indios del Norte desde el siglo XVI como estimulante del sistema inmunol\u00f3gico y es uno de los mejores antibi\u00f3ticos naturales.<\/li>\n<li><strong>Clima:<\/strong> Cualquiera.<\/li>\n<li><strong>Zonas:<\/strong> 3, 4<\/li>\n<li><strong>Siembra:<\/strong> Sembrar en alm\u00e1cigo y trasplantar a 30cm.<\/li>\n<li><strong>Cosecha:<\/strong> A los dos a\u00f1os, para su uso como medicinal, se usa toda la planta, pero la ra\u00edz tiene mayor concentraci\u00f3n de ingredientes activos.<\/li>\n<li><strong>Nota:<\/strong> prefiere suelos profundos a pleno sol. Es tolerante a la humedad y a la sequ\u00eda.<\/li>\n<\/ul>\n","protected":false},"excerpt":{"rendered":"<p>Planta medicinal anual<\/p>\n","protected":false},"featured_media":2130,"comment_status":"open","ping_status":"closed","template":"","meta":{"inline_featured_image":false,"_monsterinsights_skip_tracking":false,"_monsterinsights_sitenote_active":false,"_monsterinsights_sitenote_note":"","_monsterinsights_sitenote_category":0},"product_brand":[],"product_cat":[260],"product_tag":[],"class_list":{"0":"post-2402","1":"product","2":"type-product","3":"status-publish","4":"has-post-thumbnail","6":"product_cat-medicinales-y-culinarias","8":"first","9":"instock","10":"shipping-taxable","11":"purchasable","12":"product-type-variable","13":"has-default-attributes"},"_links":{"self":[{"href":"https:\/\/qrosoft.mx\/tiendabosquedeniebla\/wp-json\/wp\/v2\/product\/2402","targetHints":{"allow":["GET"]}}],"collection":[{"href":"https:\/\/qrosoft.mx\/tiendabosquedeniebla\/wp-json\/wp\/v2\/product"}],"about":[{"href":"https:\/\/qrosoft.mx\/tiendabosquedeniebla\/wp-json\/wp\/v2\/types\/product"}],"replies":[{"embeddable":true,"href":"https:\/\/qrosoft.mx\/tiendabosquedeniebla\/wp-json\/wp\/v2\/comments?post=2402"}],"wp:featuredmedia":[{"embeddable":true,"href":"https:\/\/qrosoft.mx\/tiendabosquedeniebla\/wp-json\/wp\/v2\/media\/2130"}],"wp:attachment":[{"href":"https:\/\/qrosoft.mx\/tiendabosquedeniebla\/wp-json\/wp\/v2\/media?parent=2402"}],"wp:term":[{"taxonomy":"product_brand","embeddable":true,"href":"https:\/\/qrosoft.mx\/tiendabosquedeniebla\/wp-json\/wp\/v2\/product_brand?post=2402"},{"taxonomy":"product_cat","embeddable":true,"href":"https:\/\/qrosoft.mx\/tiendabosquedeniebla\/wp-json\/wp\/v2\/product_cat?post=2402"},{"taxonomy":"product_tag","embeddable":true,"href":"https:\/\/qrosoft.mx\/tiendabosquedeniebla\/wp-json\/wp\/v2\/product_tag?post=2402"}],"curies":[{"name":"wp","href":"https:\/\/api.w.org\/{rel}","templated":true}]}}