{"id":1835,"date":"2021-01-27T22:10:18","date_gmt":"2021-01-28T04:10:18","guid":{"rendered":"https:\/\/qrosoft.mx\/tiendabosquedeniebla\/?post_type=product&#038;p=1835"},"modified":"2026-03-23T10:35:06","modified_gmt":"2026-03-23T16:35:06","slug":"latilla-de-bambu","status":"publish","type":"product","link":"https:\/\/qrosoft.mx\/tiendabosquedeniebla\/product\/latilla-de-bambu\/","title":{"rendered":"Latilla de bamb\u00fa"},"content":{"rendered":"<h4><span style=\"color: #000000;\"><strong>Latilla de bamb\u00fa<\/strong><\/span><\/h4>\n<p><span style=\"color: #000000;\">La latilla es un material que puede ser empleado para la fabricaci\u00f3n de muros que por su flexibilidad pueden ser curvos o planos\u00a0 seg\u00fan el dise\u00f1o. Pueden quedar expuestos o ser recubiertos con diversas t\u00e9cnicas de bioconstrucci\u00f3n (fajina, bahareque, pajareque, etc).<\/span><\/p>\n<ul>\n<li><span style=\"color: #000000;\"><strong>Presentaci\u00f3n:\u00a0<\/strong>1 m<sup>2<\/sup> (14 piezas de 3cm x 2.40m)<\/span><\/li>\n<li><span style=\"color: #000000;\"><strong>Tratamiento:\u00a0<\/strong>Preservaci\u00f3n por inmersi\u00f3n en sales de boro para evitar el ataque de insectos xil\u00f3fagos (termitas).<\/span><\/li>\n<li><span style=\"color: #000000;\"><strong>Nota:<\/strong> no incluye gastos de env\u00edo.<\/span><\/li>\n<\/ul>\n<h5><span class=\"estilo23\"><span style=\"color: #000000;\">Cotizaciones y pedidos:<\/span><strong>\u00a0<span style=\"color: #99cc00;\"> <a style=\"color: #99cc00;\" href=\"mailto:raul@bosquedeniebla.com.mx\">raul@bosquedeniebla.com.mx<\/a>\u00a0<\/span><\/strong><\/span><\/h5>\n","protected":false},"excerpt":{"rendered":"<h3><span style=\"color: #000000;\"><span class=\"estilo23\"><strong>DISPONIBLE SOLO PARA VENTA DIRECTA<\/strong>.<\/span><\/span><\/h3>\n<h5><span style=\"color: #000000;\"><span class=\"estilo23\">Por favor escr\u00edbenos para verificar disponibilidad y solicitar una cotizaci\u00f3n al correo: <span style=\"color: #99cc00;\"><a style=\"color: #99cc00;\" href=\"mailto:raul@bosquedeniebla.com.mx\">raul@bosquedeniebla.com.mx<\/a><\/span><\/span><\/span><\/h5>\n<p><span style=\"color: #000000;\">Material que puede ser empleado para la fabricaci\u00f3n de muros que por su flexibilidad pueden ser curvos o planos\u00a0 seg\u00fan el dise\u00f1o.<\/span><\/p>\n<p>&nbsp;<\/p>\n","protected":false},"featured_media":1841,"comment_status":"closed","ping_status":"closed","template":"","meta":{"inline_featured_image":false,"_monsterinsights_skip_tracking":false,"_monsterinsights_sitenote_active":false,"_monsterinsights_sitenote_note":"","_monsterinsights_sitenote_category":0},"product_brand":[],"product_cat":[72],"product_tag":[],"class_list":{"0":"post-1835","1":"product","2":"type-product","3":"status-publish","4":"has-post-thumbnail","6":"product_cat-bambu","8":"first","9":"instock","10":"taxable","11":"shipping-taxable","12":"purchasable","13":"product-type-simple"},"_links":{"self":[{"href":"https:\/\/qrosoft.mx\/tiendabosquedeniebla\/wp-json\/wp\/v2\/product\/1835","targetHints":{"allow":["GET"]}}],"collection":[{"href":"https:\/\/qrosoft.mx\/tiendabosquedeniebla\/wp-json\/wp\/v2\/product"}],"about":[{"href":"https:\/\/qrosoft.mx\/tiendabosquedeniebla\/wp-json\/wp\/v2\/types\/product"}],"replies":[{"embeddable":true,"href":"https:\/\/qrosoft.mx\/tiendabosquedeniebla\/wp-json\/wp\/v2\/comments?post=1835"}],"wp:featuredmedia":[{"embeddable":true,"href":"https:\/\/qrosoft.mx\/tiendabosquedeniebla\/wp-json\/wp\/v2\/media\/1841"}],"wp:attachment":[{"href":"https:\/\/qrosoft.mx\/tiendabosquedeniebla\/wp-json\/wp\/v2\/media?parent=1835"}],"wp:term":[{"taxonomy":"product_brand","embeddable":true,"href":"https:\/\/qrosoft.mx\/tiendabosquedeniebla\/wp-json\/wp\/v2\/product_brand?post=1835"},{"taxonomy":"product_cat","embeddable":true,"href":"https:\/\/qrosoft.mx\/tiendabosquedeniebla\/wp-json\/wp\/v2\/product_cat?post=1835"},{"taxonomy":"product_tag","embeddable":true,"href":"https:\/\/qrosoft.mx\/tiendabosquedeniebla\/wp-json\/wp\/v2\/product_tag?post=1835"}],"curies":[{"name":"wp","href":"https:\/\/api.w.org\/{rel}","templated":true}]}}