{"id":1827,"date":"2021-01-27T22:10:17","date_gmt":"2021-01-28T04:10:17","guid":{"rendered":"https:\/\/qrosoft.mx\/tiendabosquedeniebla\/?post_type=product&#038;p=1827"},"modified":"2025-09-25T13:55:43","modified_gmt":"2025-09-25T19:55:43","slug":"bambu-tratado","status":"publish","type":"product","link":"https:\/\/qrosoft.mx\/tiendabosquedeniebla\/product\/bambu-tratado\/","title":{"rendered":"Culmo de bamb\u00fa tratado"},"content":{"rendered":"<h4><strong>Culmos de bamb\u00fa oldhamii<\/strong><\/h4>\n<p>Bamb\u00fa preservado con sales de boro para evitar el ataque de insectos xil\u00f3fagos (termitas).<\/p>\n<p>Culmos en di\u00e1metros de 2\u201d, 2.5\u201d, 3\u201d, 3.5\u201d y 4\u201d, con una longitud de 6 metros.<\/p>\n<p><strong>Lista de precios:<\/strong><\/p>\n<table style=\"height: 200px;\" width=\"1269\">\n<tbody>\n<tr>\n<td style=\"text-align: center;\" width=\"206\">Di\u00e1metros (culmos de 6 mts de longitud)<\/td>\n<td width=\"171\">\n<p style=\"text-align: center;\">Peso aproximado (kg)<\/p>\n<\/td>\n<td style=\"text-align: center;\" width=\"180\">Precio c\/IVA<\/td>\n<\/tr>\n<tr>\n<td style=\"text-align: center;\" width=\"206\">2\u201d +\/- \u00bc<\/td>\n<td style=\"text-align: center;\" width=\"171\">7<\/td>\n<td style=\"text-align: center;\" width=\"180\">$153.00<\/td>\n<\/tr>\n<tr>\n<td style=\"text-align: center;\" width=\"206\">2 \u00bd \u201d\u00a0 +\/- \u00bc<\/td>\n<td style=\"text-align: center;\" width=\"171\">8.5<\/td>\n<td style=\"text-align: center;\" width=\"180\">$193.00<\/td>\n<\/tr>\n<tr>\n<td style=\"text-align: center;\" width=\"206\">3 \u201d +\/- \u00bc<\/td>\n<td style=\"text-align: center;\" width=\"171\">10<\/td>\n<td style=\"text-align: center;\" width=\"180\">$234.00<\/td>\n<\/tr>\n<tr>\n<td style=\"text-align: center;\" width=\"206\">3 \u00bd \u201d\u00a0 +\/- \u00bc<\/td>\n<td style=\"text-align: center;\" width=\"171\">11.5<\/td>\n<td style=\"text-align: center;\" width=\"180\">$277.00<\/td>\n<\/tr>\n<tr>\n<td style=\"text-align: center;\" width=\"206\">4\u201d +\/- \u00bc<\/td>\n<td style=\"text-align: center;\" width=\"171\">13<\/td>\n<td style=\"text-align: center;\" width=\"180\">$298.00<\/td>\n<\/tr>\n<\/tbody>\n<\/table>\n<ul>\n<li><strong>Cosecha:<\/strong>\u00a0Culmos maduros de 4 a\u00f1os de edad.<\/li>\n<li><strong>Tratamiento tradicional o natural:<\/strong> Culmo cortado en invierno y \u201cavinagrado\u201d en mata, por lo que al ser cortado se deja a la sombra de la mata de 30 a 45 d\u00edas.<\/li>\n<li><strong>Tratamiento qu\u00edmico:<\/strong>\u00a0Culmos tratados por inmersi\u00f3n con \u00e1cido b\u00f3rico y b\u00f3rax.<\/li>\n<li><strong>Nota: <\/strong>Los precios no incluyen gastos de env\u00edo<\/li>\n<\/ul>\n<h5><span class=\"estilo23\">Cotizaciones y pedidos:\u00a0 <span style=\"color: #99cc00;\"><a style=\"color: #99cc00;\" href=\"mailto:raul@bosquedeniebla.com.mx\">raul@bosquedeniebla.com.mx<\/a>\u00a0<\/span><\/span><\/h5>\n","protected":false},"excerpt":{"rendered":"<h3><span style=\"color: #000000;\"><span class=\"estilo23\"><strong>DISPONIBLE SOLO PARA VENTA DIRECTA<\/strong>.<\/span><\/span><\/h3>\n<h5><span style=\"color: #000000;\"><span class=\"estilo23\">Por favor escr\u00edbenos para verificar disponibilidad y solicitar una cotizaci\u00f3n al correo: <span style=\"color: #99cc00;\"><a style=\"color: #99cc00;\" href=\"mailto:raul@bosquedeniebla.com.mx\">raul@bosquedeniebla.com.mx<\/a><\/span><\/span><\/span><\/h5>\n<p>Culmo de bamb\u00fa oldhamii preservado con sales de boro para evitar el ataque de insectos xil\u00f3fagos (termitas).<\/p>\n","protected":false},"featured_media":1836,"comment_status":"closed","ping_status":"closed","template":"","meta":{"inline_featured_image":false,"_monsterinsights_skip_tracking":false,"_monsterinsights_sitenote_active":false,"_monsterinsights_sitenote_note":"","_monsterinsights_sitenote_category":0},"product_brand":[],"product_cat":[72],"product_tag":[],"class_list":{"0":"post-1827","1":"product","2":"type-product","3":"status-publish","4":"has-post-thumbnail","6":"product_cat-bambu","8":"first","9":"instock","10":"taxable","11":"shipping-taxable","12":"purchasable","13":"product-type-variable"},"_links":{"self":[{"href":"https:\/\/qrosoft.mx\/tiendabosquedeniebla\/wp-json\/wp\/v2\/product\/1827","targetHints":{"allow":["GET"]}}],"collection":[{"href":"https:\/\/qrosoft.mx\/tiendabosquedeniebla\/wp-json\/wp\/v2\/product"}],"about":[{"href":"https:\/\/qrosoft.mx\/tiendabosquedeniebla\/wp-json\/wp\/v2\/types\/product"}],"replies":[{"embeddable":true,"href":"https:\/\/qrosoft.mx\/tiendabosquedeniebla\/wp-json\/wp\/v2\/comments?post=1827"}],"wp:featuredmedia":[{"embeddable":true,"href":"https:\/\/qrosoft.mx\/tiendabosquedeniebla\/wp-json\/wp\/v2\/media\/1836"}],"wp:attachment":[{"href":"https:\/\/qrosoft.mx\/tiendabosquedeniebla\/wp-json\/wp\/v2\/media?parent=1827"}],"wp:term":[{"taxonomy":"product_brand","embeddable":true,"href":"https:\/\/qrosoft.mx\/tiendabosquedeniebla\/wp-json\/wp\/v2\/product_brand?post=1827"},{"taxonomy":"product_cat","embeddable":true,"href":"https:\/\/qrosoft.mx\/tiendabosquedeniebla\/wp-json\/wp\/v2\/product_cat?post=1827"},{"taxonomy":"product_tag","embeddable":true,"href":"https:\/\/qrosoft.mx\/tiendabosquedeniebla\/wp-json\/wp\/v2\/product_tag?post=1827"}],"curies":[{"name":"wp","href":"https:\/\/api.w.org\/{rel}","templated":true}]}}