{"id":1814,"date":"2021-05-18T18:27:53","date_gmt":"2021-05-18T23:27:53","guid":{"rendered":"https:\/\/qrosoft.mx\/tiendabosquedeniebla\/product\/grevilea\/"},"modified":"2025-12-15T09:15:30","modified_gmt":"2025-12-15T15:15:30","slug":"grevilea","status":"publish","type":"product","link":"https:\/\/qrosoft.mx\/tiendabosquedeniebla\/product\/grevilea\/","title":{"rendered":"Grevilea"},"content":{"rendered":"<h4>Grevilea &#8211; <em>Grevilea robusta<\/em><\/h4>\n<ul>\n<li><strong>Familia:<\/strong> Proteaceae<\/li>\n<li><strong>Origen:<\/strong> Australia<\/li>\n<li><strong>Descripci\u00f3n:<\/strong> \u00c1rbol perennifolio de r\u00e1pido crecimiento, de 18 a 35m de altura, con hojas verde oscuro delicadamente dentadas. Flores doradas color anaranjado.<\/li>\n<li><strong>Usos:<\/strong> Maderable, utilizada para instrumentos musicales, muebler\u00eda y ebanister\u00eda externa como cercas, debido a su resistencia a la pudrici\u00f3n.<\/li>\n<li><strong>Clima:<\/strong> Templado, una vez establecido tolera temperaturas de hasta \u22128\u00b0C si la temperatura sube durante el d\u00eda. Tolera sequ\u00edas.<\/li>\n<li><strong>Zona:<\/strong> 1, 2, y 3. Siembra<\/li>\n<li><strong>Nota:<\/strong> Hay restricciones para su explotaci\u00f3n. Las semillas maduran desde finales de invierno hasta principios de primavera. Puede ocasionar dermatitis por contacto en piel sensible.<\/li>\n<\/ul>\n","protected":false},"excerpt":{"rendered":"<p>\u00c1rbol maderable de clima subtropical<\/p>\n","protected":false},"featured_media":4426,"comment_status":"open","ping_status":"closed","template":"","meta":{"inline_featured_image":false,"_monsterinsights_skip_tracking":false,"_monsterinsights_sitenote_active":false,"_monsterinsights_sitenote_note":"","_monsterinsights_sitenote_category":0},"product_brand":[],"product_cat":[81],"product_tag":[],"class_list":{"0":"post-1814","1":"product","2":"type-product","3":"status-publish","4":"has-post-thumbnail","6":"product_cat-arboles-y-arbustos","8":"first","9":"instock","10":"shipping-taxable","11":"purchasable","12":"product-type-variable","13":"has-default-attributes"},"_links":{"self":[{"href":"https:\/\/qrosoft.mx\/tiendabosquedeniebla\/wp-json\/wp\/v2\/product\/1814","targetHints":{"allow":["GET"]}}],"collection":[{"href":"https:\/\/qrosoft.mx\/tiendabosquedeniebla\/wp-json\/wp\/v2\/product"}],"about":[{"href":"https:\/\/qrosoft.mx\/tiendabosquedeniebla\/wp-json\/wp\/v2\/types\/product"}],"replies":[{"embeddable":true,"href":"https:\/\/qrosoft.mx\/tiendabosquedeniebla\/wp-json\/wp\/v2\/comments?post=1814"}],"wp:featuredmedia":[{"embeddable":true,"href":"https:\/\/qrosoft.mx\/tiendabosquedeniebla\/wp-json\/wp\/v2\/media\/4426"}],"wp:attachment":[{"href":"https:\/\/qrosoft.mx\/tiendabosquedeniebla\/wp-json\/wp\/v2\/media?parent=1814"}],"wp:term":[{"taxonomy":"product_brand","embeddable":true,"href":"https:\/\/qrosoft.mx\/tiendabosquedeniebla\/wp-json\/wp\/v2\/product_brand?post=1814"},{"taxonomy":"product_cat","embeddable":true,"href":"https:\/\/qrosoft.mx\/tiendabosquedeniebla\/wp-json\/wp\/v2\/product_cat?post=1814"},{"taxonomy":"product_tag","embeddable":true,"href":"https:\/\/qrosoft.mx\/tiendabosquedeniebla\/wp-json\/wp\/v2\/product_tag?post=1814"}],"curies":[{"name":"wp","href":"https:\/\/api.w.org\/{rel}","templated":true}]}}