{"id":1600,"date":"2021-01-27T22:10:09","date_gmt":"2021-01-28T04:10:09","guid":{"rendered":"https:\/\/qrosoft.mx\/tiendabosquedeniebla\/?post_type=product&#038;p=1600"},"modified":"2025-10-16T18:17:58","modified_gmt":"2025-10-17T00:17:58","slug":"mingitorio-para-sanitario-ecologico","status":"publish","type":"product","link":"https:\/\/qrosoft.mx\/tiendabosquedeniebla\/product\/mingitorio-para-sanitario-ecologico\/","title":{"rendered":"Mingitorio para sanitario ecol\u00f3gico"},"content":{"rendered":"<h4>Mingitorio de cemento para sanitario ecol\u00f3gico<\/h4>\n<p>No requiere agua, permite la recolecci\u00f3n de orina y su posterior aplicaci\u00f3n en los cultivos. La orina es una fuente importante de nitr\u00f3geno. Separar la orina ayuda a mantener el sanitario sin olores.<\/p>\n<p><strong>Presentaci\u00f3n:<\/strong><\/p>\n<ul>\n<li><strong>Medidas:\u00a0<\/strong> 33 cm x\u00a0 24.5 cm x 23 cm<\/li>\n<li><strong>Material:<\/strong> Cemento<\/li>\n<li><strong>Color:<\/strong> blanco<\/li>\n<li><strong>Peso:<\/strong> 6.5 Kg<\/li>\n<li><strong>Precio:<\/strong> $350 MXN <span style=\"color: #000000\">(antes de IVA y sin gastos de env\u00edo)<\/span><\/li>\n<\/ul>\n<p><span style=\"color: #000000\">Tambi\u00e9n contamos con el manual de \u201c<strong><a href=\"https:\/\/qrosoft.mx\/tiendabosquedeniebla\/product\/sanitario-ecologico-de-doble-camara-manual-de-construccion-y-uso\/\">Construcci\u00f3n y uso de Sanitarios ecol\u00f3gicos<\/a><\/strong>\u201d<\/span><\/p>\n","protected":false},"excerpt":{"rendered":"<p>Mingitorio hecho de cemento<\/p>\n","protected":false},"featured_media":8753,"comment_status":"closed","ping_status":"closed","template":"","meta":{"inline_featured_image":false,"_monsterinsights_skip_tracking":false,"_monsterinsights_sitenote_active":false,"_monsterinsights_sitenote_note":"","_monsterinsights_sitenote_category":0},"product_brand":[],"product_cat":[70],"product_tag":[590,669,589,594],"class_list":{"0":"post-1600","1":"product","2":"type-product","3":"status-publish","4":"has-post-thumbnail","6":"product_cat-sanitarios-secos","7":"product_tag-bano","8":"product_tag-mingitorio","9":"product_tag-sanitario","10":"product_tag-wc","11":"product_shipping_class-fedex","13":"first","14":"instock","15":"taxable","16":"shipping-taxable","17":"purchasable","18":"product-type-simple"},"_links":{"self":[{"href":"https:\/\/qrosoft.mx\/tiendabosquedeniebla\/wp-json\/wp\/v2\/product\/1600","targetHints":{"allow":["GET"]}}],"collection":[{"href":"https:\/\/qrosoft.mx\/tiendabosquedeniebla\/wp-json\/wp\/v2\/product"}],"about":[{"href":"https:\/\/qrosoft.mx\/tiendabosquedeniebla\/wp-json\/wp\/v2\/types\/product"}],"replies":[{"embeddable":true,"href":"https:\/\/qrosoft.mx\/tiendabosquedeniebla\/wp-json\/wp\/v2\/comments?post=1600"}],"wp:featuredmedia":[{"embeddable":true,"href":"https:\/\/qrosoft.mx\/tiendabosquedeniebla\/wp-json\/wp\/v2\/media\/8753"}],"wp:attachment":[{"href":"https:\/\/qrosoft.mx\/tiendabosquedeniebla\/wp-json\/wp\/v2\/media?parent=1600"}],"wp:term":[{"taxonomy":"product_brand","embeddable":true,"href":"https:\/\/qrosoft.mx\/tiendabosquedeniebla\/wp-json\/wp\/v2\/product_brand?post=1600"},{"taxonomy":"product_cat","embeddable":true,"href":"https:\/\/qrosoft.mx\/tiendabosquedeniebla\/wp-json\/wp\/v2\/product_cat?post=1600"},{"taxonomy":"product_tag","embeddable":true,"href":"https:\/\/qrosoft.mx\/tiendabosquedeniebla\/wp-json\/wp\/v2\/product_tag?post=1600"}],"curies":[{"name":"wp","href":"https:\/\/api.w.org\/{rel}","templated":true}]}}