{"id":1590,"date":"2021-01-27T22:10:08","date_gmt":"2021-01-28T04:10:08","guid":{"rendered":"https:\/\/qrosoft.mx\/tiendabosquedeniebla\/?post_type=product&#038;p=1590"},"modified":"2026-01-11T09:25:36","modified_gmt":"2026-01-11T15:25:36","slug":"recetario-de-cocina-las-canadas","status":"publish","type":"product","link":"https:\/\/qrosoft.mx\/tiendabosquedeniebla\/product\/recetario-de-cocina-las-canadas\/","title":{"rendered":"Recetario de cocina natural y sustentable"},"content":{"rendered":"<h4 id=\"title\" class=\"a-spacing-none a-text-normal\"><span id=\"productTitle\" class=\"a-size-extra-large\">Recetario de cocina natural y sustentable<\/span><\/h4>\n<p><span style=\"color: #000000;\">Este recetario surge como una propuesta de las personas que participan en los cursos que ofrecemos, quienes en sus visitas han apreciado el sabor y beneficios de nuestra cocina, junto con el inter\u00e9s de Las Ca\u00f1adas en promover el cultivo y consumo de productos poco utilizados y que pueden ser cultivados en sistemas agroecol\u00f3gicos en gran parte de M\u00e9xico.<\/span><\/p>\n<ul>\n<li><span style=\"color: #000000;\"><strong>Autores:<\/strong> Cooperativa &#8220;Las Ca\u00f1adas&#8221;<\/span><\/li>\n<li><span style=\"color: #000000;\"><strong>Ilustraciones:<\/strong> Paula Pimentel y Estefan\u00eda Oliveras<\/span><\/li>\n<li><span style=\"color: #000000;\"><strong>Primera edici\u00f3n:<\/strong> Octubre 2011<\/span><\/li>\n<li><span style=\"color: #000000;\"><strong>\u00daltima actualizaci\u00f3n:<\/strong> Marzo 2022<\/span><\/li>\n<li><span style=\"color: #000000;\"><strong>Idioma:<\/strong> Espa\u00f1ol<\/span><\/li>\n<\/ul>\n","protected":false},"excerpt":{"rendered":"<p><strong>Recetario impreso<\/strong> con las mejores recetas ovolactovegetarianas de la Cooperativa Las Ca\u00f1adas<\/p>\n<p>Puedes adquirir la <strong>versi\u00f3n digital<\/strong> en Hotmart en el siguiente enlace:\u00a0<em><span style=\"color: #99cc00;\"><strong><a style=\"color: #99cc00;\" href=\"https:\/\/go.hotmart.com\/U101984848F\" target=\"_blank\" rel=\"noopener\">Recetario digital Las Ca\u00f1adas<\/a><\/strong><\/span><\/em><\/p>\n","protected":false},"featured_media":10236,"comment_status":"closed","ping_status":"closed","template":"","meta":{"inline_featured_image":false,"_monsterinsights_skip_tracking":false,"_monsterinsights_sitenote_active":false,"_monsterinsights_sitenote_note":"","_monsterinsights_sitenote_category":0},"product_brand":[],"product_cat":[66],"product_tag":[],"class_list":{"0":"post-1590","1":"product","2":"type-product","3":"status-publish","4":"has-post-thumbnail","6":"product_cat-libros-y-manuales","7":"product_shipping_class-fedex-y-correos","9":"first","10":"instock","11":"shipping-taxable","12":"purchasable","13":"product-type-simple"},"_links":{"self":[{"href":"https:\/\/qrosoft.mx\/tiendabosquedeniebla\/wp-json\/wp\/v2\/product\/1590","targetHints":{"allow":["GET"]}}],"collection":[{"href":"https:\/\/qrosoft.mx\/tiendabosquedeniebla\/wp-json\/wp\/v2\/product"}],"about":[{"href":"https:\/\/qrosoft.mx\/tiendabosquedeniebla\/wp-json\/wp\/v2\/types\/product"}],"replies":[{"embeddable":true,"href":"https:\/\/qrosoft.mx\/tiendabosquedeniebla\/wp-json\/wp\/v2\/comments?post=1590"}],"wp:featuredmedia":[{"embeddable":true,"href":"https:\/\/qrosoft.mx\/tiendabosquedeniebla\/wp-json\/wp\/v2\/media\/10236"}],"wp:attachment":[{"href":"https:\/\/qrosoft.mx\/tiendabosquedeniebla\/wp-json\/wp\/v2\/media?parent=1590"}],"wp:term":[{"taxonomy":"product_brand","embeddable":true,"href":"https:\/\/qrosoft.mx\/tiendabosquedeniebla\/wp-json\/wp\/v2\/product_brand?post=1590"},{"taxonomy":"product_cat","embeddable":true,"href":"https:\/\/qrosoft.mx\/tiendabosquedeniebla\/wp-json\/wp\/v2\/product_cat?post=1590"},{"taxonomy":"product_tag","embeddable":true,"href":"https:\/\/qrosoft.mx\/tiendabosquedeniebla\/wp-json\/wp\/v2\/product_tag?post=1590"}],"curies":[{"name":"wp","href":"https:\/\/api.w.org\/{rel}","templated":true}]}}