{"id":1589,"date":"2021-01-27T22:10:08","date_gmt":"2021-01-28T04:10:08","guid":{"rendered":"https:\/\/qrosoft.mx\/tiendabosquedeniebla\/?post_type=product&#038;p=1589"},"modified":"2026-01-07T16:11:16","modified_gmt":"2026-01-07T22:11:16","slug":"sanitario-ecologico-de-doble-camara-manual-de-construccion-y-uso","status":"publish","type":"product","link":"https:\/\/qrosoft.mx\/tiendabosquedeniebla\/product\/sanitario-ecologico-de-doble-camara-manual-de-construccion-y-uso\/","title":{"rendered":"Manual sanitario ecol\u00f3gico de doble c\u00e1mara (construcci\u00f3n y uso)"},"content":{"rendered":"<h4 id=\"title\" class=\"a-spacing-none a-text-normal\"><span id=\"productTitle\" class=\"a-size-extra-large\">Sanitario ecol\u00f3gico de doble c\u00e1mara<\/span><\/h4>\n<p>El contenido de este manual tienen como prop\u00f3sito acercar a m\u00e1s personas de manera sencilla al sanitario compostero, una ecotecnia con m\u00faltiples beneficios y que para Las Ca\u00f1adas ha sido y es fundamental en el camino hacia una vida sostenible.<br \/>\nEste sanitario nos permite: reciclar los nutrientes que tomamos de la tierra de manera sana y segura, mejorar la fertilidad y estructura de nuestros suelos y no depender de los fertilizantes qu\u00edmicos. Adem\u00e1s, ahorramos agua y no contaminamos los cuerpos de agua, como sucede con el drenaje &#8220;moderno&#8221;<\/p>\n<ul>\n<li><span style=\"color: #000000;\"><strong>Autores:<\/strong> Ricardo Romero y Horacio Albalat<\/span><\/li>\n<li><strong>Edici\u00f3n:<\/strong> Ra\u00fal Band\u00edn<\/li>\n<li><span style=\"color: #000000;\"><strong>Ilustraciones:<\/strong> Estefan\u00eda Oliveras<\/span><\/li>\n<li><span style=\"color: #000000;\"><strong>Primera edici\u00f3n:<\/strong> Julio 2015<\/span><\/li>\n<\/ul>\n","protected":false},"excerpt":{"rendered":"<p>Manual impreso con toda la informaci\u00f3n para la construcci\u00f3n, uso y mantenimiento de un sanitario seco de doble c\u00e1mara.<\/p>\n<p>Puedes adquirir la versi\u00f3n digital en Hotmart en el siguiente enlace: <strong><a href=\"https:\/\/pay.hotmart.com\/K100422423C?bid=1758058571896\" target=\"_blank\" rel=\"noopener\"><span style=\"color: #99cc00;\">Manual digital sanitario ecol\u00f3gico<\/span><\/a><\/strong><\/p>\n","protected":false},"featured_media":10228,"comment_status":"closed","ping_status":"closed","template":"","meta":{"inline_featured_image":false,"_monsterinsights_skip_tracking":false,"_monsterinsights_sitenote_active":false,"_monsterinsights_sitenote_note":"","_monsterinsights_sitenote_category":0},"product_brand":[],"product_cat":[66],"product_tag":[],"class_list":{"0":"post-1589","1":"product","2":"type-product","3":"status-publish","4":"has-post-thumbnail","6":"product_cat-libros-y-manuales","7":"product_shipping_class-fedex-y-correos","9":"first","10":"instock","11":"shipping-taxable","12":"purchasable","13":"product-type-simple"},"_links":{"self":[{"href":"https:\/\/qrosoft.mx\/tiendabosquedeniebla\/wp-json\/wp\/v2\/product\/1589","targetHints":{"allow":["GET"]}}],"collection":[{"href":"https:\/\/qrosoft.mx\/tiendabosquedeniebla\/wp-json\/wp\/v2\/product"}],"about":[{"href":"https:\/\/qrosoft.mx\/tiendabosquedeniebla\/wp-json\/wp\/v2\/types\/product"}],"replies":[{"embeddable":true,"href":"https:\/\/qrosoft.mx\/tiendabosquedeniebla\/wp-json\/wp\/v2\/comments?post=1589"}],"wp:featuredmedia":[{"embeddable":true,"href":"https:\/\/qrosoft.mx\/tiendabosquedeniebla\/wp-json\/wp\/v2\/media\/10228"}],"wp:attachment":[{"href":"https:\/\/qrosoft.mx\/tiendabosquedeniebla\/wp-json\/wp\/v2\/media?parent=1589"}],"wp:term":[{"taxonomy":"product_brand","embeddable":true,"href":"https:\/\/qrosoft.mx\/tiendabosquedeniebla\/wp-json\/wp\/v2\/product_brand?post=1589"},{"taxonomy":"product_cat","embeddable":true,"href":"https:\/\/qrosoft.mx\/tiendabosquedeniebla\/wp-json\/wp\/v2\/product_cat?post=1589"},{"taxonomy":"product_tag","embeddable":true,"href":"https:\/\/qrosoft.mx\/tiendabosquedeniebla\/wp-json\/wp\/v2\/product_tag?post=1589"}],"curies":[{"name":"wp","href":"https:\/\/api.w.org\/{rel}","templated":true}]}}