{"id":1587,"date":"2021-01-27T22:10:05","date_gmt":"2021-01-28T04:10:05","guid":{"rendered":"https:\/\/qrosoft.mx\/tiendabosquedeniebla\/?post_type=product&#038;p=1587"},"modified":"2025-12-22T08:09:06","modified_gmt":"2025-12-22T14:09:06","slug":"permacultura-principios-y-senderos-mas-alla-de-la-sustentabilidad","status":"publish","type":"product","link":"https:\/\/qrosoft.mx\/tiendabosquedeniebla\/product\/permacultura-principios-y-senderos-mas-alla-de-la-sustentabilidad\/","title":{"rendered":"PERMACULTURA: Principios y senderos m\u00e1s all\u00e1 de la sustentabilidad"},"content":{"rendered":"<h5 id=\"title\" class=\"a-spacing-none a-text-normal\"><span id=\"productTitle\" class=\"a-size-extra-large\">PERMACULTURA<br \/>\nPrincipios y senderos m\u00e1s all\u00e1 de la sustentabilidad<\/span><\/h5>\n<p>El co-creador del concepto de Permacultura, nos expone la evoluci\u00f3n de la permacultura en poco m\u00e1s de 30 a\u00f1os. Desde que comienza como una herramienta de dise\u00f1o para sistemas agr\u00edcolas perennes hasta el d\u00eda de hoy, que da un marco de referencia para poder dise\u00f1ar sistemas humanos sostenibles, abarcando todos los \u00e1mbitos de nuestra cultura.<\/p>\n<p>Es una lectura obligada para quien quiera profundizar en este concepto.<\/p>\n<ul>\n<li><strong>Autor:<\/strong> David Holmgren<\/li>\n<li><strong>Editorial:<\/strong> Ediciones Kaikron<\/li>\n<li><strong>Edici\u00f3n:<\/strong> segunda edici\u00f3n, enero 2013<\/li>\n<li><strong>Presentaci\u00f3n:<\/strong> Tapa blanda<\/li>\n<li><strong>No. P\u00e1ginas:<\/strong> 488 p\u00e1ginas<\/li>\n<li><strong>Idioma:<\/strong> Espa\u00f1ol<\/li>\n<\/ul>\n","protected":false},"excerpt":{"rendered":"<p>PERMACULTURA Principios y senderos m\u00e1s all\u00e1 de la sustentabilidad El co-creador del concepto de Permacultura, nos expone la evoluci\u00f3n de la permacultura en poco m\u00e1s de 30 a\u00f1os. Desde que comienza como una herramienta de dise\u00f1o para sistemas agr\u00edcolas perennes hasta el d\u00eda de hoy, que da un marco de referencia para poder dise\u00f1ar sistemas humanos sostenibles, abarcando todos los \u00e1mbitos de nuestra cultura. Es una  [&#8230;]<\/p>\n","protected":false},"featured_media":10077,"comment_status":"closed","ping_status":"closed","template":"","meta":{"inline_featured_image":false,"_monsterinsights_skip_tracking":false,"_monsterinsights_sitenote_active":false,"_monsterinsights_sitenote_note":"","_monsterinsights_sitenote_category":0},"product_brand":[],"product_cat":[66],"product_tag":[],"class_list":{"0":"post-1587","1":"product","2":"type-product","3":"status-publish","4":"has-post-thumbnail","6":"product_cat-libros-y-manuales","7":"product_shipping_class-fedex-y-correos","9":"first","10":"instock","11":"shipping-taxable","12":"purchasable","13":"product-type-simple"},"_links":{"self":[{"href":"https:\/\/qrosoft.mx\/tiendabosquedeniebla\/wp-json\/wp\/v2\/product\/1587","targetHints":{"allow":["GET"]}}],"collection":[{"href":"https:\/\/qrosoft.mx\/tiendabosquedeniebla\/wp-json\/wp\/v2\/product"}],"about":[{"href":"https:\/\/qrosoft.mx\/tiendabosquedeniebla\/wp-json\/wp\/v2\/types\/product"}],"replies":[{"embeddable":true,"href":"https:\/\/qrosoft.mx\/tiendabosquedeniebla\/wp-json\/wp\/v2\/comments?post=1587"}],"wp:featuredmedia":[{"embeddable":true,"href":"https:\/\/qrosoft.mx\/tiendabosquedeniebla\/wp-json\/wp\/v2\/media\/10077"}],"wp:attachment":[{"href":"https:\/\/qrosoft.mx\/tiendabosquedeniebla\/wp-json\/wp\/v2\/media?parent=1587"}],"wp:term":[{"taxonomy":"product_brand","embeddable":true,"href":"https:\/\/qrosoft.mx\/tiendabosquedeniebla\/wp-json\/wp\/v2\/product_brand?post=1587"},{"taxonomy":"product_cat","embeddable":true,"href":"https:\/\/qrosoft.mx\/tiendabosquedeniebla\/wp-json\/wp\/v2\/product_cat?post=1587"},{"taxonomy":"product_tag","embeddable":true,"href":"https:\/\/qrosoft.mx\/tiendabosquedeniebla\/wp-json\/wp\/v2\/product_tag?post=1587"}],"curies":[{"name":"wp","href":"https:\/\/api.w.org\/{rel}","templated":true}]}}