{"id":1586,"date":"2021-01-27T22:10:05","date_gmt":"2021-01-28T04:10:05","guid":{"rendered":"https:\/\/qrosoft.mx\/tiendabosquedeniebla\/?post_type=product&#038;p=1586"},"modified":"2026-01-11T09:25:35","modified_gmt":"2026-01-11T15:25:35","slug":"como-cultivar-mas-verduras","status":"publish","type":"product","link":"https:\/\/qrosoft.mx\/tiendabosquedeniebla\/product\/como-cultivar-mas-verduras\/","title":{"rendered":"C\u00f3mo cultivar m\u00e1s vegetales"},"content":{"rendered":"<h4 id=\"title\" class=\"a-spacing-none a-text-normal\"><strong><span id=\"productTitle\" class=\"a-size-extra-large\">C\u00f3mo cultivar m\u00e1s vegetales (y frutas, nueces, bayas, granos y otros cultivos)<\/span><\/strong><\/h4>\n<p>El concepto que John Jeavons y el equipo de Ecology Action lanz\u00f3 hace m\u00e1s de 40 a\u00f1os ha sido aceptado por la corriente convencional y sigue ganando \u00edmpetu. Hoy d\u00eda, \u201cC\u00f3mo Cultivar m\u00e1s Vegetales\u201d, en su 9na edici\u00f3n, la cual ha sido completamente revisada y actualizada, es una referencia obligada para los que cultivan alimentos a cualquier nivel: desde los agricultores caseros, dedicados a cultivar en su patio trasero en armon\u00eda m\u00e1xima con los ciclos de la naturaleza, hasta los productores comerciales a peque\u00f1a escala interesados en optimizar la fertilidad del suelo e incrementar la productividad.<\/p>\n<ul>\n<li style=\"text-align: left;\"><span style=\"color: #000000;\"><strong>Autor:<\/strong> John Jeavons<\/span><\/li>\n<li><span class=\"a-list-item\" style=\"color: #000000;\"><span class=\"a-text-bold\"><strong>Editorial:<\/strong> Dimensi\u00f3n Artes Gr\u00e1ficas S. A. de C.V.; 9na edici\u00f3n, 2024<\/span><\/span><\/li>\n<li><strong>Presentaci\u00f3n:<\/strong> Tapa blanda<\/li>\n<li><strong>No. p\u00e1ginas:<\/strong> 254 p\u00e1ginas<\/li>\n<li><span style=\"color: #000000;\"><strong>Idioma:<\/strong> Espa\u00f1ol<\/span><\/li>\n<\/ul>\n","protected":false},"excerpt":{"rendered":"<p>C\u00f3mo cultivar m\u00e1s vegetales <span id=\"productTitle\" class=\"a-size-extra-large\">(y frutas, nueces, bayas, granos y otros cultivos)<\/span><\/p>\n","protected":false},"featured_media":10078,"comment_status":"closed","ping_status":"closed","template":"","meta":{"inline_featured_image":false,"_monsterinsights_skip_tracking":false,"_monsterinsights_sitenote_active":false,"_monsterinsights_sitenote_note":"","_monsterinsights_sitenote_category":0},"product_brand":[],"product_cat":[66],"product_tag":[],"class_list":{"0":"post-1586","1":"product","2":"type-product","3":"status-publish","4":"has-post-thumbnail","6":"product_cat-libros-y-manuales","7":"product_shipping_class-fedex-y-correos","9":"first","10":"instock","11":"shipping-taxable","12":"purchasable","13":"product-type-simple"},"_links":{"self":[{"href":"https:\/\/qrosoft.mx\/tiendabosquedeniebla\/wp-json\/wp\/v2\/product\/1586","targetHints":{"allow":["GET"]}}],"collection":[{"href":"https:\/\/qrosoft.mx\/tiendabosquedeniebla\/wp-json\/wp\/v2\/product"}],"about":[{"href":"https:\/\/qrosoft.mx\/tiendabosquedeniebla\/wp-json\/wp\/v2\/types\/product"}],"replies":[{"embeddable":true,"href":"https:\/\/qrosoft.mx\/tiendabosquedeniebla\/wp-json\/wp\/v2\/comments?post=1586"}],"wp:featuredmedia":[{"embeddable":true,"href":"https:\/\/qrosoft.mx\/tiendabosquedeniebla\/wp-json\/wp\/v2\/media\/10078"}],"wp:attachment":[{"href":"https:\/\/qrosoft.mx\/tiendabosquedeniebla\/wp-json\/wp\/v2\/media?parent=1586"}],"wp:term":[{"taxonomy":"product_brand","embeddable":true,"href":"https:\/\/qrosoft.mx\/tiendabosquedeniebla\/wp-json\/wp\/v2\/product_brand?post=1586"},{"taxonomy":"product_cat","embeddable":true,"href":"https:\/\/qrosoft.mx\/tiendabosquedeniebla\/wp-json\/wp\/v2\/product_cat?post=1586"},{"taxonomy":"product_tag","embeddable":true,"href":"https:\/\/qrosoft.mx\/tiendabosquedeniebla\/wp-json\/wp\/v2\/product_tag?post=1586"}],"curies":[{"name":"wp","href":"https:\/\/api.w.org\/{rel}","templated":true}]}}