{"id":10528,"date":"2026-01-16T14:41:51","date_gmt":"2026-01-16T20:41:51","guid":{"rendered":"https:\/\/qrosoft.mx\/tiendabosquedeniebla\/?post_type=product&#038;p=10528"},"modified":"2026-03-18T13:43:03","modified_gmt":"2026-03-18T19:43:03","slug":"cebolla-john","status":"publish","type":"product","link":"https:\/\/qrosoft.mx\/tiendabosquedeniebla\/product\/cebolla-john\/","title":{"rendered":"Cebolla John"},"content":{"rendered":"<h4><strong>Cebolla<\/strong><span lang=\"ES-TRAD\" style=\"color: #4c023a;\"> John &#8211; <em>Allium fistulosum<\/em><\/span><\/h4>\n<ul>\n<li><strong>Familia:<\/strong> Amaryllidaceae<\/li>\n<li><strong>Origen:<\/strong> Asia Central<\/li>\n<li><span lang=\"ES-TRAD\"><strong>Tra\u00edda de<\/strong>: Cody cove farm<\/span><\/li>\n<li><strong>Establecida en Las Ca\u00f1adas en 2025<\/strong><\/li>\n<li><strong>Descripci\u00f3n: <\/strong>Cebolla de tallos levemente engrosados, muy resistente, de hasta 60cm de alto. Parecida a la cebolla welsh, con la cualidad de un rebrote al corte y de crecimiento mucho m\u00e1s r\u00e1pido.<\/li>\n<li><strong>Usos:<\/strong> Bulbos, tallos y hojas comestibles.<\/li>\n<li><strong>Clima:<\/strong> Templado a c\u00e1lido tropical y subtropical<\/li>\n<li><strong>Zonas:<\/strong> 1, 2, 3, y 4<\/li>\n<li><strong>Siembra: <\/strong>Afloja y abona la tierra, planta los rizomas a 15cm entre ellos y a 10cm de profundidad, prot\u00e9gelos de da\u00f1os f\u00edsicos y riega en etapa inicial.<\/li>\n<li><strong>Presentaci\u00f3n:<\/strong> 10 bulbos<\/li>\n<\/ul>\n","protected":false},"excerpt":{"rendered":"<p>Planta Perenne de bulbos, tallos y hojas comestibles.<\/p>\n","protected":false},"featured_media":10529,"comment_status":"open","ping_status":"closed","template":"","meta":{"inline_featured_image":false,"_monsterinsights_skip_tracking":false,"_monsterinsights_sitenote_active":false,"_monsterinsights_sitenote_note":"","_monsterinsights_sitenote_category":0},"product_brand":[],"product_cat":[174],"product_tag":[595,586,597,596],"class_list":{"0":"post-10528","1":"product","2":"type-product","3":"status-publish","4":"has-post-thumbnail","6":"product_cat-ajos-y-cebollas","7":"product_tag-cebolla","8":"product_tag-hortaliza","9":"product_tag-perenne","10":"product_tag-welsh","11":"product_shipping_class-fedex","13":"first","14":"instock","15":"shipping-taxable","16":"purchasable","17":"product-type-simple"},"_links":{"self":[{"href":"https:\/\/qrosoft.mx\/tiendabosquedeniebla\/wp-json\/wp\/v2\/product\/10528","targetHints":{"allow":["GET"]}}],"collection":[{"href":"https:\/\/qrosoft.mx\/tiendabosquedeniebla\/wp-json\/wp\/v2\/product"}],"about":[{"href":"https:\/\/qrosoft.mx\/tiendabosquedeniebla\/wp-json\/wp\/v2\/types\/product"}],"replies":[{"embeddable":true,"href":"https:\/\/qrosoft.mx\/tiendabosquedeniebla\/wp-json\/wp\/v2\/comments?post=10528"}],"wp:featuredmedia":[{"embeddable":true,"href":"https:\/\/qrosoft.mx\/tiendabosquedeniebla\/wp-json\/wp\/v2\/media\/10529"}],"wp:attachment":[{"href":"https:\/\/qrosoft.mx\/tiendabosquedeniebla\/wp-json\/wp\/v2\/media?parent=10528"}],"wp:term":[{"taxonomy":"product_brand","embeddable":true,"href":"https:\/\/qrosoft.mx\/tiendabosquedeniebla\/wp-json\/wp\/v2\/product_brand?post=10528"},{"taxonomy":"product_cat","embeddable":true,"href":"https:\/\/qrosoft.mx\/tiendabosquedeniebla\/wp-json\/wp\/v2\/product_cat?post=10528"},{"taxonomy":"product_tag","embeddable":true,"href":"https:\/\/qrosoft.mx\/tiendabosquedeniebla\/wp-json\/wp\/v2\/product_tag?post=10528"}],"curies":[{"name":"wp","href":"https:\/\/api.w.org\/{rel}","templated":true}]}}