{"id":10424,"date":"2025-12-10T08:47:11","date_gmt":"2025-12-10T14:47:11","guid":{"rendered":"https:\/\/qrosoft.mx\/tiendabosquedeniebla\/?post_type=product&#038;p=10424"},"modified":"2026-04-21T08:53:54","modified_gmt":"2026-04-21T13:53:54","slug":"canasta-temporada-salud-natural","status":"publish","type":"product","link":"https:\/\/qrosoft.mx\/tiendabosquedeniebla\/product\/canasta-temporada-salud-natural\/","title":{"rendered":"Canasta de Temporada Salud Natural"},"content":{"rendered":"<h3><em><strong>Canasta Temporada Salud Natural &#8211; Invierno<\/strong><\/em><\/h3>\n<p>Te presentamos una opci\u00f3n que impactar\u00e1 directamente en tu bienestar: <strong>la Canasta de Salud Natural.\u00a0<\/strong><\/p>\n<p>Enfocada para que en esta temporada de invierno puedas cuidar de tu salud con productos naturales que te ayudan a reforzar tu sistema inmunol\u00f3gico, reducir la inflamaci\u00f3n, prevenir enfermedades autoinmunes, mejorar el patr\u00f3n del sue\u00f1o, entre muchos otros beneficios.<\/p>\n<p>Las podr\u00e1s encontrar en las siguientes presentaciones:<\/p>\n<p><strong>Canasta (ideal para 2 personas<\/strong>) contiene:<br \/>\n2 Mix inmune<br \/>\n2 Respira Libre<br \/>\n2 C\u00e1psulas de C\u00farcuma + pimienta negra<br \/>\n&#8220;Gratis 1 sobre de semillas de Equin\u00e1cea&#8221;<\/p>\n<p><strong>Canastita (ideal para 1 persona) <\/strong>contiene:<br \/>\n1 Mix inmune<br \/>\n1 Respira Libre<br \/>\n1 C\u00e1psulas de C\u00farcuma + pimienta negra<br \/>\n&#8220;Gratis 1 sobre de semillas de Equin\u00e1cea&#8221;<\/p>\n<p><strong><em>\u00a1\u00a1\u00a1Regala salud en esta temporada!!!<\/em><\/strong>, con nuestros productos agroecol\u00f3gicos, sin qu\u00edmicos ni procesos que puedan da\u00f1ar tu organismo y aprovecha de los descuentos que tenemos para ti.<\/p>\n<p>&nbsp;<\/p>\n","protected":false},"excerpt":{"rendered":"<p><strong><em>\u00a1\u00a1\u00a1Regala salud en esta temporada!!!<\/em><\/strong><\/p>\n","protected":false},"featured_media":10431,"comment_status":"closed","ping_status":"closed","template":"","meta":{"inline_featured_image":false,"_monsterinsights_skip_tracking":false,"_monsterinsights_sitenote_active":false,"_monsterinsights_sitenote_note":"","_monsterinsights_sitenote_category":0},"product_brand":[],"product_cat":[980],"product_tag":[],"class_list":{"0":"post-10424","1":"product","2":"type-product","3":"status-publish","4":"has-post-thumbnail","6":"product_cat-salud-natural","7":"product_shipping_class-fedex-y-correos","9":"first","10":"instock","11":"taxable","12":"shipping-taxable","13":"purchasable","14":"product-type-variable"},"_links":{"self":[{"href":"https:\/\/qrosoft.mx\/tiendabosquedeniebla\/wp-json\/wp\/v2\/product\/10424","targetHints":{"allow":["GET"]}}],"collection":[{"href":"https:\/\/qrosoft.mx\/tiendabosquedeniebla\/wp-json\/wp\/v2\/product"}],"about":[{"href":"https:\/\/qrosoft.mx\/tiendabosquedeniebla\/wp-json\/wp\/v2\/types\/product"}],"replies":[{"embeddable":true,"href":"https:\/\/qrosoft.mx\/tiendabosquedeniebla\/wp-json\/wp\/v2\/comments?post=10424"}],"wp:featuredmedia":[{"embeddable":true,"href":"https:\/\/qrosoft.mx\/tiendabosquedeniebla\/wp-json\/wp\/v2\/media\/10431"}],"wp:attachment":[{"href":"https:\/\/qrosoft.mx\/tiendabosquedeniebla\/wp-json\/wp\/v2\/media?parent=10424"}],"wp:term":[{"taxonomy":"product_brand","embeddable":true,"href":"https:\/\/qrosoft.mx\/tiendabosquedeniebla\/wp-json\/wp\/v2\/product_brand?post=10424"},{"taxonomy":"product_cat","embeddable":true,"href":"https:\/\/qrosoft.mx\/tiendabosquedeniebla\/wp-json\/wp\/v2\/product_cat?post=10424"},{"taxonomy":"product_tag","embeddable":true,"href":"https:\/\/qrosoft.mx\/tiendabosquedeniebla\/wp-json\/wp\/v2\/product_tag?post=10424"}],"curies":[{"name":"wp","href":"https:\/\/api.w.org\/{rel}","templated":true}]}}