{"id":10385,"date":"2025-11-24T09:31:48","date_gmt":"2025-11-24T15:31:48","guid":{"rendered":"https:\/\/qrosoft.mx\/tiendabosquedeniebla\/?post_type=product&#038;p=10385"},"modified":"2025-11-25T13:20:32","modified_gmt":"2025-11-25T19:20:32","slug":"cromatografia-agricultura-organica","status":"publish","type":"product","link":"https:\/\/qrosoft.mx\/tiendabosquedeniebla\/product\/cromatografia-agricultura-organica\/","title":{"rendered":"Cromatograf\u00eda &#8211; Agricultura Org\u00e1nica"},"content":{"rendered":"<p>El Libro de Cromatograf\u00eda, elaborado por Jairo Restrepo y Sebasti\u00e1n Pinheiro, dos de los referentes m\u00e1s reconocidos en agroecolog\u00eda latinoamericana, re\u00fane su experiencia acumulada durante d\u00e9cadas de trabajo en regeneraci\u00f3n de suelos y soberan\u00eda agr\u00edcola. Su autor\u00eda garantiza un enfoque profundo, pr\u00e1ctico y cr\u00edtico, basado en investigaci\u00f3n de campo y procesos comunitarios.<\/p>\n<p>En esta obra encontrar\u00e1s un manual detallado y accesible para realizar la t\u00e9cnica paso a paso, interpretar los cromas y aplicarlos en el manejo del suelo.<br \/>\nAl ser un m\u00e9todo cualitativo, permite analizar y dar seguimiento a la recuperaci\u00f3n del terreno mediante la comparaci\u00f3n de patrones provenientes de distintos tipos de suelo, bioles, agroqu\u00edmicos y materiales org\u00e1nicos.<\/p>\n<p>Gracias a este aporte, hoy es posible evaluar la vitalidad del suelo sin depender de laboratorios costosos, fortaleciendo la autonom\u00eda campesina y acompa\u00f1ando procesos de regeneraci\u00f3n de manera continua\u00a0y\u00a0consciente.<\/p>\n<div id=\"detailBullets_feature_div\">\n<ul class=\"a-unordered-list a-nostyle a-vertical a-spacing-none detail-bullet-list\">\n<li><strong>Autores:<\/strong> Jairo Restrepo Rivero \/ Sebastiao Pinheiro<\/li>\n<li><strong>Edici\u00f3n: 3a Edici\u00f3n 2021<\/strong><\/li>\n<li><b>Impresi\u00f3n: <\/b>Editorial nomos S.A., Bogot\u00e1 Colombia<\/li>\n<li><strong>Presentaci\u00f3n:<\/strong> Tapa blanda<\/li>\n<li><strong>No. P\u00e1ginas:<\/strong> 252 p\u00e1ginas<\/li>\n<li><strong>Idioma:<\/strong> Espa\u00f1ol<\/li>\n<li><strong>Cuarta Reimpresi\u00f3n:<\/strong> Julio 2025<\/li>\n<\/ul>\n<\/div>\n","protected":false},"excerpt":{"rendered":"<p>La cromatograf\u00eda: herramienta de la agricultura regenerativa, que permite obtener una representaci\u00f3n visual del estado de salud del suelo.<\/p>\n","protected":false},"featured_media":10387,"comment_status":"closed","ping_status":"closed","template":"","meta":{"inline_featured_image":false,"_monsterinsights_skip_tracking":false,"_monsterinsights_sitenote_active":false,"_monsterinsights_sitenote_note":"","_monsterinsights_sitenote_category":0},"product_brand":[],"product_cat":[66],"product_tag":[],"class_list":{"0":"post-10385","1":"product","2":"type-product","3":"status-publish","4":"has-post-thumbnail","6":"product_cat-libros-y-manuales","7":"product_shipping_class-fedex-y-correos","9":"first","10":"instock","11":"shipping-taxable","12":"purchasable","13":"product-type-simple"},"_links":{"self":[{"href":"https:\/\/qrosoft.mx\/tiendabosquedeniebla\/wp-json\/wp\/v2\/product\/10385","targetHints":{"allow":["GET"]}}],"collection":[{"href":"https:\/\/qrosoft.mx\/tiendabosquedeniebla\/wp-json\/wp\/v2\/product"}],"about":[{"href":"https:\/\/qrosoft.mx\/tiendabosquedeniebla\/wp-json\/wp\/v2\/types\/product"}],"replies":[{"embeddable":true,"href":"https:\/\/qrosoft.mx\/tiendabosquedeniebla\/wp-json\/wp\/v2\/comments?post=10385"}],"wp:featuredmedia":[{"embeddable":true,"href":"https:\/\/qrosoft.mx\/tiendabosquedeniebla\/wp-json\/wp\/v2\/media\/10387"}],"wp:attachment":[{"href":"https:\/\/qrosoft.mx\/tiendabosquedeniebla\/wp-json\/wp\/v2\/media?parent=10385"}],"wp:term":[{"taxonomy":"product_brand","embeddable":true,"href":"https:\/\/qrosoft.mx\/tiendabosquedeniebla\/wp-json\/wp\/v2\/product_brand?post=10385"},{"taxonomy":"product_cat","embeddable":true,"href":"https:\/\/qrosoft.mx\/tiendabosquedeniebla\/wp-json\/wp\/v2\/product_cat?post=10385"},{"taxonomy":"product_tag","embeddable":true,"href":"https:\/\/qrosoft.mx\/tiendabosquedeniebla\/wp-json\/wp\/v2\/product_tag?post=10385"}],"curies":[{"name":"wp","href":"https:\/\/api.w.org\/{rel}","templated":true}]}}