{"id":10261,"date":"2025-09-29T14:55:13","date_gmt":"2025-09-29T20:55:13","guid":{"rendered":"https:\/\/qrosoft.mx\/tiendabosquedeniebla\/?post_type=product&#038;p=10261"},"modified":"2026-01-03T21:20:39","modified_gmt":"2026-01-04T03:20:39","slug":"mix-inmune","status":"publish","type":"product","link":"https:\/\/qrosoft.mx\/tiendabosquedeniebla\/product\/mix-inmune\/","title":{"rendered":"Mix Inmune"},"content":{"rendered":"<p><strong>Mix Inmune &#8211; Doble extracto de Hongos Shiitake, Reishi y Artista<\/strong><\/p>\n<p>El MIX INMUNE est\u00e1 compuesto por dobles extractos de hongo Shiitake (<em>Lentinula edodes<\/em>), Hongo Reishi (<em>Ganoderma lucidum<\/em>) y Hongo Artista (<em>Ganoderma applanatum<\/em>). Todos cultivados agroecol\u00f3gicamente.<\/p>\n<p>Remedio herbolario que integra las propiedades ben\u00e9ficas de los tres hongos, ofreciendo un super producto para cuidar de tu salud de forma natural.<\/p>\n<p>Diversos estudios confirman que estas especies contienen betaglucanos que potencian el sistema inmune, adem\u00e1s:<\/p>\n<ul>\n<li>Previenen crecimiento tumoral y son auxiliares en tratamiento de diversos c\u00e1nceres: h\u00edgado, seno, pr\u00f3stata, piel y es\u00f3fago.<\/li>\n<li>Regulan niveles de colesterol y presi\u00f3n arterial.<\/li>\n<li>Previenen y alivian enfermedades autoinmunes como artritis reumatoide, psoriasis y colitis.<\/li>\n<li>Tienen acci\u00f3n antibacteriana, antiviral y antiinflamatoria.<\/li>\n<li>Mejoran el patr\u00f3n de sue\u00f1o.<\/li>\n<\/ul>\n","protected":false},"excerpt":{"rendered":"<p>Mix compuesto por dobles extractos de hongo Shiitake (<em>Lentinula edodes<\/em>), hongo reishi (<em>Ganoderma lucidum<\/em>) y hongo artista (<em>Ganoderma applanatum<\/em>)<\/p>\n<p><span style=\"color: #000000;\">Gotero de 30 ml<\/span><\/p>\n","protected":false},"featured_media":10262,"comment_status":"closed","ping_status":"closed","template":"","meta":{"inline_featured_image":false,"_monsterinsights_skip_tracking":false,"_monsterinsights_sitenote_active":false,"_monsterinsights_sitenote_note":"","_monsterinsights_sitenote_category":0},"product_brand":[],"product_cat":[980],"product_tag":[],"class_list":{"0":"post-10261","1":"product","2":"type-product","3":"status-publish","4":"has-post-thumbnail","6":"product_cat-salud-natural","7":"product_shipping_class-fedex-y-correos","9":"first","10":"instock","11":"taxable","12":"shipping-taxable","13":"purchasable","14":"product-type-simple"},"_links":{"self":[{"href":"https:\/\/qrosoft.mx\/tiendabosquedeniebla\/wp-json\/wp\/v2\/product\/10261","targetHints":{"allow":["GET"]}}],"collection":[{"href":"https:\/\/qrosoft.mx\/tiendabosquedeniebla\/wp-json\/wp\/v2\/product"}],"about":[{"href":"https:\/\/qrosoft.mx\/tiendabosquedeniebla\/wp-json\/wp\/v2\/types\/product"}],"replies":[{"embeddable":true,"href":"https:\/\/qrosoft.mx\/tiendabosquedeniebla\/wp-json\/wp\/v2\/comments?post=10261"}],"wp:featuredmedia":[{"embeddable":true,"href":"https:\/\/qrosoft.mx\/tiendabosquedeniebla\/wp-json\/wp\/v2\/media\/10262"}],"wp:attachment":[{"href":"https:\/\/qrosoft.mx\/tiendabosquedeniebla\/wp-json\/wp\/v2\/media?parent=10261"}],"wp:term":[{"taxonomy":"product_brand","embeddable":true,"href":"https:\/\/qrosoft.mx\/tiendabosquedeniebla\/wp-json\/wp\/v2\/product_brand?post=10261"},{"taxonomy":"product_cat","embeddable":true,"href":"https:\/\/qrosoft.mx\/tiendabosquedeniebla\/wp-json\/wp\/v2\/product_cat?post=10261"},{"taxonomy":"product_tag","embeddable":true,"href":"https:\/\/qrosoft.mx\/tiendabosquedeniebla\/wp-json\/wp\/v2\/product_tag?post=10261"}],"curies":[{"name":"wp","href":"https:\/\/api.w.org\/{rel}","templated":true}]}}