{"id":10257,"date":"2025-09-29T14:21:06","date_gmt":"2025-09-29T20:21:06","guid":{"rendered":"https:\/\/qrosoft.mx\/tiendabosquedeniebla\/?post_type=product&#038;p=10257"},"modified":"2025-11-25T09:07:41","modified_gmt":"2025-11-25T15:07:41","slug":"repira-libre","status":"publish","type":"product","link":"https:\/\/qrosoft.mx\/tiendabosquedeniebla\/product\/repira-libre\/","title":{"rendered":"Respira Libre"},"content":{"rendered":"<h4>Respira Libre<\/h4>\n<p>Al comenzar la temporada fr\u00eda del a\u00f1o, la Madre Naturaleza nos brinda frutos y plantas medicinales que nos ayudan a reforzar nuestro sistema inmunol\u00f3gico, haciendo un llamado a nuestros or\u00edgenes y record\u00e1ndonos que somos parte de ella, por lo que nos regala su sabidur\u00eda y ense\u00f1anza.<\/p>\n<p>Te presentamos nuestra tintura medicinal hecha con bayas de sauco, RESPIRA LIBRE, encaminada a cuidar tu sistema respiratorio.<\/p>\n<p>Nos ayuda a fortalecer nuestro sistema de defensas contra las enfermedades respiratorias, de una forma natural y sana, adem\u00e1s de que tiene acci\u00f3n contra resfriados, dolor de pecho y catarros. Act\u00faa fuertemente contra el virus de la influenza, y es especialmente eficaz si se toma ante la aparici\u00f3n de los primeros s\u00edntomas, ya que evita la replicaci\u00f3n y maduraci\u00f3n viral. Es tambi\u00e9n bactericida, fungicida, analg\u00e9sico, antiinflamatorio, antioxidante, laxante, diur\u00e9tico y em\u00e9tico. Es debido a estas \u00faltimas tres cualidades, que se considera un depurador del cuerpo.<\/p>\n<p>Las decocciones y jarabes tanto de hojas, frutos y corteza se usan desde tiempos antiguos para tratar afecciones respiratorias, fiebres, problemas en h\u00edgado, inflamaci\u00f3n interna y artritis.<\/p>\n","protected":false},"excerpt":{"rendered":"<p>Tintura medicinal hecha con bayas de sa\u00faco para cuidar tu sistema respiratorio.<\/p>\n<p><span style=\"color: #000000;\">Gotero de 30 ml<\/span><\/p>\n<p>&nbsp;<\/p>\n","protected":false},"featured_media":10259,"comment_status":"closed","ping_status":"closed","template":"","meta":{"inline_featured_image":false,"_monsterinsights_skip_tracking":false,"_monsterinsights_sitenote_active":false,"_monsterinsights_sitenote_note":"","_monsterinsights_sitenote_category":0},"product_brand":[],"product_cat":[980],"product_tag":[],"class_list":{"0":"post-10257","1":"product","2":"type-product","3":"status-publish","4":"has-post-thumbnail","6":"product_cat-salud-natural","7":"product_shipping_class-fedex-y-correos","9":"first","10":"instock","11":"taxable","12":"shipping-taxable","13":"purchasable","14":"product-type-simple"},"_links":{"self":[{"href":"https:\/\/qrosoft.mx\/tiendabosquedeniebla\/wp-json\/wp\/v2\/product\/10257","targetHints":{"allow":["GET"]}}],"collection":[{"href":"https:\/\/qrosoft.mx\/tiendabosquedeniebla\/wp-json\/wp\/v2\/product"}],"about":[{"href":"https:\/\/qrosoft.mx\/tiendabosquedeniebla\/wp-json\/wp\/v2\/types\/product"}],"replies":[{"embeddable":true,"href":"https:\/\/qrosoft.mx\/tiendabosquedeniebla\/wp-json\/wp\/v2\/comments?post=10257"}],"wp:featuredmedia":[{"embeddable":true,"href":"https:\/\/qrosoft.mx\/tiendabosquedeniebla\/wp-json\/wp\/v2\/media\/10259"}],"wp:attachment":[{"href":"https:\/\/qrosoft.mx\/tiendabosquedeniebla\/wp-json\/wp\/v2\/media?parent=10257"}],"wp:term":[{"taxonomy":"product_brand","embeddable":true,"href":"https:\/\/qrosoft.mx\/tiendabosquedeniebla\/wp-json\/wp\/v2\/product_brand?post=10257"},{"taxonomy":"product_cat","embeddable":true,"href":"https:\/\/qrosoft.mx\/tiendabosquedeniebla\/wp-json\/wp\/v2\/product_cat?post=10257"},{"taxonomy":"product_tag","embeddable":true,"href":"https:\/\/qrosoft.mx\/tiendabosquedeniebla\/wp-json\/wp\/v2\/product_tag?post=10257"}],"curies":[{"name":"wp","href":"https:\/\/api.w.org\/{rel}","templated":true}]}}