{"id":10189,"date":"2025-09-10T10:06:21","date_gmt":"2025-09-10T16:06:21","guid":{"rendered":"https:\/\/qrosoft.mx\/tiendabosquedeniebla\/?post_type=product&#038;p=10189"},"modified":"2026-01-07T16:11:27","modified_gmt":"2026-01-07T22:11:27","slug":"mora-azul-blueberry","status":"publish","type":"product","link":"https:\/\/qrosoft.mx\/tiendabosquedeniebla\/product\/mora-azul-blueberry\/","title":{"rendered":"Mora azul o blueberry"},"content":{"rendered":"<h4><strong>Mora azul o blueberry &#8211; Vaccinium sp. <\/strong><\/h4>\n<ul>\n<li><strong>Familia:<\/strong> Ericaceae<\/li>\n<li><strong>Origen:<\/strong> Norteam\u00e9rica<\/li>\n<li><strong>Descripci\u00f3n:<\/strong> Arbusto perenne, caducifolias en climas fr\u00edos.<span class=\"pjBG2e\" data-cid=\"58f4531e-5586-4861-9993-beb8a306564e\"><span class=\"UV3uM\">\u00a0<\/span><\/span>, de frutos azulados comestibles, ricos en antioxidantes.<\/li>\n<li><strong>Usos:<\/strong> Fruto comestible fresco o en conservas con excelente sabor.<\/li>\n<li><strong>Clima:<\/strong> Templado. Requiere de fr\u00edo para su mejor producci\u00f3n. Requerimiento de horas fr\u00edo: 300hrs.<\/li>\n<li><strong>Zonas:<\/strong> 4 y 5.<\/li>\n<li><strong>Siembra:<\/strong> Distancia entre plantas de 1m, con una distancia entre hileras de 2m. Requiere suelos ricos en materia org\u00e1nica.<\/li>\n<\/ul>\n","protected":false},"excerpt":{"rendered":"<p>Arbusto perenne de frutos azulados<\/p>\n","protected":false},"featured_media":10191,"comment_status":"open","ping_status":"closed","template":"","meta":{"inline_featured_image":false,"_monsterinsights_skip_tracking":false,"_monsterinsights_sitenote_active":false,"_monsterinsights_sitenote_note":"","_monsterinsights_sitenote_category":0},"product_brand":[],"product_cat":[80],"product_tag":[640,608,696],"class_list":{"0":"post-10189","1":"product","2":"type-product","3":"status-publish","4":"has-post-thumbnail","6":"product_cat-frutales","7":"product_tag-arbusto","8":"product_tag-frutal","9":"product_tag-fruto","10":"product_shipping_class-fedex","12":"first","13":"instock","14":"shipping-taxable","15":"purchasable","16":"product-type-variable","17":"has-default-attributes"},"_links":{"self":[{"href":"https:\/\/qrosoft.mx\/tiendabosquedeniebla\/wp-json\/wp\/v2\/product\/10189","targetHints":{"allow":["GET"]}}],"collection":[{"href":"https:\/\/qrosoft.mx\/tiendabosquedeniebla\/wp-json\/wp\/v2\/product"}],"about":[{"href":"https:\/\/qrosoft.mx\/tiendabosquedeniebla\/wp-json\/wp\/v2\/types\/product"}],"replies":[{"embeddable":true,"href":"https:\/\/qrosoft.mx\/tiendabosquedeniebla\/wp-json\/wp\/v2\/comments?post=10189"}],"wp:featuredmedia":[{"embeddable":true,"href":"https:\/\/qrosoft.mx\/tiendabosquedeniebla\/wp-json\/wp\/v2\/media\/10191"}],"wp:attachment":[{"href":"https:\/\/qrosoft.mx\/tiendabosquedeniebla\/wp-json\/wp\/v2\/media?parent=10189"}],"wp:term":[{"taxonomy":"product_brand","embeddable":true,"href":"https:\/\/qrosoft.mx\/tiendabosquedeniebla\/wp-json\/wp\/v2\/product_brand?post=10189"},{"taxonomy":"product_cat","embeddable":true,"href":"https:\/\/qrosoft.mx\/tiendabosquedeniebla\/wp-json\/wp\/v2\/product_cat?post=10189"},{"taxonomy":"product_tag","embeddable":true,"href":"https:\/\/qrosoft.mx\/tiendabosquedeniebla\/wp-json\/wp\/v2\/product_tag?post=10189"}],"curies":[{"name":"wp","href":"https:\/\/api.w.org\/{rel}","templated":true}]}}