{"id":10186,"date":"2025-09-10T09:50:26","date_gmt":"2025-09-10T15:50:26","guid":{"rendered":"https:\/\/qrosoft.mx\/tiendabosquedeniebla\/?post_type=product&#038;p=10186"},"modified":"2026-01-15T21:09:56","modified_gmt":"2026-01-16T03:09:56","slug":"fresa-monterrey","status":"publish","type":"product","link":"https:\/\/qrosoft.mx\/tiendabosquedeniebla\/product\/fresa-monterrey\/","title":{"rendered":"Fresa Monterrey"},"content":{"rendered":"<h4>Fresa Monterrey &#8211; <em>Fragaria chiloensis<\/em><\/h4>\n<ul>\n<li><strong>Familia:<\/strong> Rosaceae<\/li>\n<li><strong>Origen:<\/strong> Am\u00e9rica<\/li>\n<li><strong>Descripci\u00f3n:<\/strong> Planta con producci\u00f3n de frutos la mayor parte del a\u00f1o, con las condiciones adecuadas, desarrolla hojas desde su corona a nivel del suelo.<\/li>\n<li><strong>Usos:<\/strong> Frutos rojos comestibles.<\/li>\n<li><strong>Clima:<\/strong> Templado, de 17\u00b0 a 25\u00b0 C. Sensible a la sequ\u00eda y a la humedad en exceso, precipitaciones no mayores de 1,200mm.<\/li>\n<li><strong>Zonas:<\/strong> 4 y 5<\/li>\n<li><strong>Siembra:<\/strong> En suelos con buena retenci\u00f3n de agua pero no en exceso, ricos en materia org\u00e1nica y levemente \u00e1cidos.<\/li>\n<\/ul>\n","protected":false},"excerpt":{"rendered":"<p>Fruta comestible de gran tama\u00f1o, sabor dulce<\/p>\n","protected":false},"featured_media":10188,"comment_status":"open","ping_status":"closed","template":"","meta":{"inline_featured_image":false,"_monsterinsights_skip_tracking":false,"_monsterinsights_sitenote_active":false,"_monsterinsights_sitenote_note":"","_monsterinsights_sitenote_category":0},"product_brand":[],"product_cat":[80],"product_tag":[],"class_list":{"0":"post-10186","1":"product","2":"type-product","3":"status-publish","4":"has-post-thumbnail","6":"product_cat-frutales","7":"product_shipping_class-fedex","9":"first","10":"instock","11":"shipping-taxable","12":"purchasable","13":"product-type-variable","14":"has-default-attributes"},"_links":{"self":[{"href":"https:\/\/qrosoft.mx\/tiendabosquedeniebla\/wp-json\/wp\/v2\/product\/10186","targetHints":{"allow":["GET"]}}],"collection":[{"href":"https:\/\/qrosoft.mx\/tiendabosquedeniebla\/wp-json\/wp\/v2\/product"}],"about":[{"href":"https:\/\/qrosoft.mx\/tiendabosquedeniebla\/wp-json\/wp\/v2\/types\/product"}],"replies":[{"embeddable":true,"href":"https:\/\/qrosoft.mx\/tiendabosquedeniebla\/wp-json\/wp\/v2\/comments?post=10186"}],"wp:featuredmedia":[{"embeddable":true,"href":"https:\/\/qrosoft.mx\/tiendabosquedeniebla\/wp-json\/wp\/v2\/media\/10188"}],"wp:attachment":[{"href":"https:\/\/qrosoft.mx\/tiendabosquedeniebla\/wp-json\/wp\/v2\/media?parent=10186"}],"wp:term":[{"taxonomy":"product_brand","embeddable":true,"href":"https:\/\/qrosoft.mx\/tiendabosquedeniebla\/wp-json\/wp\/v2\/product_brand?post=10186"},{"taxonomy":"product_cat","embeddable":true,"href":"https:\/\/qrosoft.mx\/tiendabosquedeniebla\/wp-json\/wp\/v2\/product_cat?post=10186"},{"taxonomy":"product_tag","embeddable":true,"href":"https:\/\/qrosoft.mx\/tiendabosquedeniebla\/wp-json\/wp\/v2\/product_tag?post=10186"}],"curies":[{"name":"wp","href":"https:\/\/api.w.org\/{rel}","templated":true}]}}