{"id":10172,"date":"2025-09-09T20:38:42","date_gmt":"2025-09-10T02:38:42","guid":{"rendered":"https:\/\/qrosoft.mx\/tiendabosquedeniebla\/?post_type=product&#038;p=10172"},"modified":"2026-01-16T22:39:02","modified_gmt":"2026-01-17T04:39:02","slug":"castano","status":"publish","type":"product","link":"https:\/\/qrosoft.mx\/tiendabosquedeniebla\/product\/castano\/","title":{"rendered":"Casta\u00f1o"},"content":{"rendered":"<h4>Casta\u00f1o &#8211; <em>Castanea sativa<\/em><\/h4>\n<ul>\n<li><strong>Familia: <\/strong>Fagaceae<strong><br \/>\n<\/strong><\/li>\n<li><strong>Origen:<\/strong> Asia menor y sur de Europa<\/li>\n<li><strong><strong>Descripcion: <\/strong><\/strong>\u00c1rbol caducifolio de tronco grueso y de hasta 25m de alto, provee sombra abundante.<\/li>\n<li><strong>Usos: <\/strong>Arbol maderable de frutos comestibles. Sus semillas son fuente de alimento, ya sea asadas, hervidas o en harina. Sus hojas en infusi\u00f3n se ocupan para prevenir y tratar enfermedades respiratorias. Su madera es excelente para ebanister\u00eda, y de la corteza se extraen taninos. Es buena mel\u00edfera.<\/li>\n<li><strong>Zonas: <\/strong>3 Y 4<\/li>\n<li><strong><strong>Siembra: <\/strong><\/strong>Para cultivo de casta\u00f1as, sembrar a 8m entre \u00e1rboles. Para cultivo de madera, sembrar a 4m entre \u00e1rboles.<\/li>\n<\/ul>\n","protected":false},"excerpt":{"rendered":"<p>Arbol de nuez comestible<\/p>\n","protected":false},"featured_media":10175,"comment_status":"open","ping_status":"closed","template":"","meta":{"inline_featured_image":false,"_monsterinsights_skip_tracking":false,"_monsterinsights_sitenote_active":false,"_monsterinsights_sitenote_note":"","_monsterinsights_sitenote_category":0},"product_brand":[],"product_cat":[80],"product_tag":[],"class_list":{"0":"post-10172","1":"product","2":"type-product","3":"status-publish","4":"has-post-thumbnail","6":"product_cat-frutales","7":"product_shipping_class-fedex","9":"first","10":"instock","11":"shipping-taxable","12":"purchasable","13":"product-type-variable"},"_links":{"self":[{"href":"https:\/\/qrosoft.mx\/tiendabosquedeniebla\/wp-json\/wp\/v2\/product\/10172","targetHints":{"allow":["GET"]}}],"collection":[{"href":"https:\/\/qrosoft.mx\/tiendabosquedeniebla\/wp-json\/wp\/v2\/product"}],"about":[{"href":"https:\/\/qrosoft.mx\/tiendabosquedeniebla\/wp-json\/wp\/v2\/types\/product"}],"replies":[{"embeddable":true,"href":"https:\/\/qrosoft.mx\/tiendabosquedeniebla\/wp-json\/wp\/v2\/comments?post=10172"}],"wp:featuredmedia":[{"embeddable":true,"href":"https:\/\/qrosoft.mx\/tiendabosquedeniebla\/wp-json\/wp\/v2\/media\/10175"}],"wp:attachment":[{"href":"https:\/\/qrosoft.mx\/tiendabosquedeniebla\/wp-json\/wp\/v2\/media?parent=10172"}],"wp:term":[{"taxonomy":"product_brand","embeddable":true,"href":"https:\/\/qrosoft.mx\/tiendabosquedeniebla\/wp-json\/wp\/v2\/product_brand?post=10172"},{"taxonomy":"product_cat","embeddable":true,"href":"https:\/\/qrosoft.mx\/tiendabosquedeniebla\/wp-json\/wp\/v2\/product_cat?post=10172"},{"taxonomy":"product_tag","embeddable":true,"href":"https:\/\/qrosoft.mx\/tiendabosquedeniebla\/wp-json\/wp\/v2\/product_tag?post=10172"}],"curies":[{"name":"wp","href":"https:\/\/api.w.org\/{rel}","templated":true}]}}