{"id":8736,"date":"2024-10-10T11:40:49","date_gmt":"2024-10-10T17:40:49","guid":{"rendered":"https:\/\/qrosoft.mx\/tiendabosquedeniebla\/?page_id=8736"},"modified":"2026-03-21T11:06:51","modified_gmt":"2026-03-21T17:06:51","slug":"catalogo-de-plantas-y-semillas-descargable","status":"publish","type":"page","link":"https:\/\/qrosoft.mx\/tiendabosquedeniebla\/catalogo-de-plantas-y-semillas-descargable\/","title":{"rendered":"Cat\u00e1logo de plantas y semillas"},"content":{"rendered":"<div class=\"fusion-fullwidth fullwidth-box fusion-builder-row-1 fusion-flex-container nonhundred-percent-fullwidth non-hundred-percent-height-scrolling\" style=\"--awb-border-radius-top-left:0px;--awb-border-radius-top-right:0px;--awb-border-radius-bottom-right:0px;--awb-border-radius-bottom-left:0px;--awb-flex-wrap:wrap;\" ><div class=\"fusion-builder-row fusion-row fusion-flex-align-items-flex-start fusion-flex-content-wrap\" style=\"max-width:1341.6px;margin-left: calc(-4% \/ 2 );margin-right: calc(-4% \/ 2 );\"><div class=\"fusion-layout-column fusion_builder_column fusion-builder-column-0 fusion_builder_column_1_2 1_2 fusion-flex-column\" style=\"--awb-bg-size:cover;--awb-width-large:50%;--awb-margin-top-large:0px;--awb-spacing-right-large:3.84%;--awb-margin-bottom-large:0px;--awb-spacing-left-large:3.84%;--awb-width-medium:100%;--awb-spacing-right-medium:1.92%;--awb-spacing-left-medium:1.92%;--awb-width-small:100%;--awb-spacing-right-small:1.92%;--awb-spacing-left-small:1.92%;\"><div class=\"fusion-column-wrapper fusion-flex-justify-content-flex-start fusion-content-layout-column\"><div class=\"fusion-image-element \" style=\"--awb-caption-title-font-family:var(--h2_typography-font-family);--awb-caption-title-font-weight:var(--h2_typography-font-weight);--awb-caption-title-font-style:var(--h2_typography-font-style);--awb-caption-title-size:var(--h2_typography-font-size);--awb-caption-title-transform:var(--h2_typography-text-transform);--awb-caption-title-line-height:var(--h2_typography-line-height);--awb-caption-title-letter-spacing:var(--h2_typography-letter-spacing);\"><span class=\" fusion-imageframe imageframe-none imageframe-1 hover-type-none\" style=\"border:1px solid #eaeaea;\"><img decoding=\"async\" width=\"791\" height=\"1024\" title=\"Catalogo-LC-25-portada-791&#215;1024\" src=\"https:\/\/qrosoft.mx\/tiendabosquedeniebla\/wp-content\/uploads\/2026\/03\/Catalogo-LC-25-portada-791x1024-1.jpg\" alt class=\"img-responsive wp-image-11000\" srcset=\"https:\/\/qrosoft.mx\/tiendabosquedeniebla\/wp-content\/uploads\/2026\/03\/Catalogo-LC-25-portada-791x1024-1-200x259.jpg 200w, https:\/\/qrosoft.mx\/tiendabosquedeniebla\/wp-content\/uploads\/2026\/03\/Catalogo-LC-25-portada-791x1024-1-400x518.jpg 400w, https:\/\/qrosoft.mx\/tiendabosquedeniebla\/wp-content\/uploads\/2026\/03\/Catalogo-LC-25-portada-791x1024-1-600x777.jpg 600w, https:\/\/qrosoft.mx\/tiendabosquedeniebla\/wp-content\/uploads\/2026\/03\/Catalogo-LC-25-portada-791x1024-1.jpg 791w\" sizes=\"(max-width: 1024px) 100vw, (max-width: 800px) 100vw, 791px\" \/><\/span><\/div><\/div><\/div><div class=\"fusion-layout-column fusion_builder_column fusion-builder-column-1 fusion_builder_column_1_2 1_2 fusion-flex-column\" style=\"--awb-bg-size:cover;--awb-width-large:50%;--awb-margin-top-large:0px;--awb-spacing-right-large:3.84%;--awb-margin-bottom-large:0px;--awb-spacing-left-large:3.84%;--awb-width-medium:100%;--awb-spacing-right-medium:1.92%;--awb-spacing-left-medium:1.92%;--awb-width-small:100%;--awb-spacing-right-small:1.92%;--awb-spacing-left-small:1.92%;\"><div class=\"fusion-column-wrapper fusion-flex-justify-content-flex-start fusion-content-layout-column\"><div class=\"fusion-title title fusion-title-1 fusion-title-text fusion-title-size-two\"><div class=\"title-sep-container title-sep-container-left fusion-no-large-visibility fusion-no-medium-visibility fusion-no-small-visibility\"><div class=\"title-sep sep-double sep-solid\" style=\"border-color:#e0dede;\"><\/div><\/div><span class=\"awb-title-spacer fusion-no-large-visibility fusion-no-medium-visibility fusion-no-small-visibility\"><\/span><h2 class=\"fusion-title-heading title-heading-left\" style=\"margin:0;\">Cultivamos semillas y plantas de manera agroecol\u00f3gica.<\/h2><span class=\"awb-title-spacer\"><\/span><div class=\"title-sep-container title-sep-container-right\"><div class=\"title-sep sep-double sep-solid\" style=\"border-color:#e0dede;\"><\/div><\/div><\/div><div class=\"fusion-text fusion-text-1\"><p class=\"lead cocogoose-regular\" style=\"text-align: left;\">Todas org\u00e1nicas, ninguna transg\u00e9nica.<\/p>\n<\/div><div class=\"fusion-text fusion-text-2\"><p>La p\u00e9rdida de la <strong>biodiversidad agroalimentaria<\/strong> cada d\u00eda es peor. Es dif\u00edcil encontrar <strong>variedades nativas, criollas, resistentes y de polinizaci\u00f3n abierta<\/strong>.<\/p>\n<p>En <strong>Las Ca\u00f1adas<\/strong> producimos y seleccionamos <strong>variedades adaptadas a nuestra zona y a nuestras necesidades<\/strong>. Adem\u00e1s formamos parte de <strong>una red de productores<\/strong> con la finalidad de contar con semillas para los diversos climas del pa\u00eds.<\/p>\n<p>Tanto en Las Ca\u00f1adas como en la red, cultivamos las semillas siguiendo los <strong>principios de la agroecolog\u00eda<\/strong>; por supuesto, <strong>todas son org\u00e1nicas<\/strong>.<\/p>\n<p>Ponemos a tu disposici\u00f3n una <strong>enorme cantidad de semillas y plantas<\/strong> para que puedas <strong>cultivar tu comida<\/strong> para consumo familiar o para comercializar.<\/p>\n<\/div><div ><a class=\"fusion-button button-flat fusion-button-default-size button-default fusion-button-default button-1 fusion-button-default-span fusion-button-default-type\" target=\"_self\" href=\"https:\/\/tienda.bosquedeniebla.com.mx\/wp-content\/uploads\/2026\/01\/Catalogo-LC-25-interactivo.pdf\"><span class=\"fusion-button-text\">Descargar cat\u00e1logo<\/span><\/a><\/div><\/div><\/div><\/div><\/div>\n","protected":false},"excerpt":{"rendered":"","protected":false},"author":990031,"featured_media":0,"parent":0,"menu_order":0,"comment_status":"closed","ping_status":"closed","template":"","meta":{"inline_featured_image":false,"_monsterinsights_skip_tracking":false,"_monsterinsights_sitenote_active":false,"_monsterinsights_sitenote_note":"","_monsterinsights_sitenote_category":0,"footnotes":""},"class_list":["post-8736","page","type-page","status-publish","hentry"],"_links":{"self":[{"href":"https:\/\/qrosoft.mx\/tiendabosquedeniebla\/wp-json\/wp\/v2\/pages\/8736","targetHints":{"allow":["GET"]}}],"collection":[{"href":"https:\/\/qrosoft.mx\/tiendabosquedeniebla\/wp-json\/wp\/v2\/pages"}],"about":[{"href":"https:\/\/qrosoft.mx\/tiendabosquedeniebla\/wp-json\/wp\/v2\/types\/page"}],"author":[{"embeddable":true,"href":"https:\/\/qrosoft.mx\/tiendabosquedeniebla\/wp-json\/wp\/v2\/users\/990031"}],"replies":[{"embeddable":true,"href":"https:\/\/qrosoft.mx\/tiendabosquedeniebla\/wp-json\/wp\/v2\/comments?post=8736"}],"version-history":[{"count":14,"href":"https:\/\/qrosoft.mx\/tiendabosquedeniebla\/wp-json\/wp\/v2\/pages\/8736\/revisions"}],"predecessor-version":[{"id":11444,"href":"https:\/\/qrosoft.mx\/tiendabosquedeniebla\/wp-json\/wp\/v2\/pages\/8736\/revisions\/11444"}],"wp:attachment":[{"href":"https:\/\/qrosoft.mx\/tiendabosquedeniebla\/wp-json\/wp\/v2\/media?parent=8736"}],"curies":[{"name":"wp","href":"https:\/\/api.w.org\/{rel}","templated":true}]}}