{"id":8455,"date":"2024-08-30T15:21:28","date_gmt":"2024-08-30T21:21:28","guid":{"rendered":"https:\/\/qrosoft.mx\/tiendabosquedeniebla\/?page_id=8455"},"modified":"2026-03-06T19:14:24","modified_gmt":"2026-03-07T01:14:24","slug":"facturacion","status":"publish","type":"page","link":"https:\/\/qrosoft.mx\/tiendabosquedeniebla\/facturacion\/","title":{"rendered":"Facturaci\u00f3n"},"content":{"rendered":"\r\n<h3 style=\"text-align: left;\">FACTURACI\u00d3N<\/h3>\r\n<p>Para solicitar tu factura, env\u00eda un correo a <a href=\"mailto:ventas@bosquedeniebla.com.mx\">ventas@bosquedeniebla.com.mx<\/a> con la siguiente informaci\u00f3n:<br \/><br \/>&#8211; N\u00famero de pedido<br \/>&#8211; Constancia de situaci\u00f3n fiscal actualizada a 3 meses en PDF. <strong>En caso de contar con m\u00e1s de un r\u00e9gimen, favor de especificar cu\u00e1l se utilizar\u00e1<\/strong>.<br \/>&#8211; Uso de CFDI requerido<br \/>&#8211; Correo electr\u00f3nico<br \/><br \/><strong>IMPORTANTE:<\/strong> para poder emitir tu factura, la solicitud debe ser enviada dentro del <strong>mismo mes<\/strong> de la compra. No se realizar\u00e1 ninguna excepci\u00f3n si la solicitud se realiza al mes siguiente de la compra.<\/p>\r\n\r\n\r\n\r\n<p class=\"has-text-align-right\">Actualizaci\u00f3n 6 marzo 2026<\/p>\r\n\r\n\r\n\r\n<p>&nbsp;<\/p>\r\n","protected":false},"excerpt":{"rendered":"<p>FACTURACI\u00d3N Para solicitar tu factura, env\u00eda un correo a ventas@bosquedeniebla.com.mx con la siguiente informaci\u00f3n: &#8211; N\u00famero de pedido&#8211; Constancia de situaci\u00f3n fiscal actualizada a 3 meses en PDF. En caso de contar con m\u00e1s de un r\u00e9gimen, favor de especificar cu\u00e1l se utilizar\u00e1.&#8211; Uso de CFDI requerido&#8211; Correo electr\u00f3nico IMPORTANTE: para poder emitir tu factura, la solicitud debe ser enviada dentro del mismo mes de la  [&#8230;]<\/p>\n","protected":false},"author":990015,"featured_media":0,"parent":0,"menu_order":0,"comment_status":"closed","ping_status":"closed","template":"","meta":{"inline_featured_image":false,"_monsterinsights_skip_tracking":false,"_monsterinsights_sitenote_active":false,"_monsterinsights_sitenote_note":"","_monsterinsights_sitenote_category":0,"footnotes":""},"class_list":["post-8455","page","type-page","status-publish","hentry"],"_links":{"self":[{"href":"https:\/\/qrosoft.mx\/tiendabosquedeniebla\/wp-json\/wp\/v2\/pages\/8455","targetHints":{"allow":["GET"]}}],"collection":[{"href":"https:\/\/qrosoft.mx\/tiendabosquedeniebla\/wp-json\/wp\/v2\/pages"}],"about":[{"href":"https:\/\/qrosoft.mx\/tiendabosquedeniebla\/wp-json\/wp\/v2\/types\/page"}],"author":[{"embeddable":true,"href":"https:\/\/qrosoft.mx\/tiendabosquedeniebla\/wp-json\/wp\/v2\/users\/990015"}],"replies":[{"embeddable":true,"href":"https:\/\/qrosoft.mx\/tiendabosquedeniebla\/wp-json\/wp\/v2\/comments?post=8455"}],"version-history":[{"count":7,"href":"https:\/\/qrosoft.mx\/tiendabosquedeniebla\/wp-json\/wp\/v2\/pages\/8455\/revisions"}],"predecessor-version":[{"id":11136,"href":"https:\/\/qrosoft.mx\/tiendabosquedeniebla\/wp-json\/wp\/v2\/pages\/8455\/revisions\/11136"}],"wp:attachment":[{"href":"https:\/\/qrosoft.mx\/tiendabosquedeniebla\/wp-json\/wp\/v2\/media?parent=8455"}],"curies":[{"name":"wp","href":"https:\/\/api.w.org\/{rel}","templated":true}]}}