{"id":6947,"date":"2023-04-05T11:26:48","date_gmt":"2023-04-05T17:26:48","guid":{"rendered":"https:\/\/qrosoft.mx\/tiendabosquedeniebla\/?page_id=6947"},"modified":"2026-03-09T10:08:18","modified_gmt":"2026-03-09T16:08:18","slug":"preguntas-frecuentes","status":"publish","type":"page","link":"https:\/\/qrosoft.mx\/tiendabosquedeniebla\/preguntas-frecuentes\/","title":{"rendered":"Preguntas frecuentes"},"content":{"rendered":"<div class=\"fusion-fullwidth fullwidth-box fusion-builder-row-1 fusion-flex-container has-pattern-background has-mask-background nonhundred-percent-fullwidth non-hundred-percent-height-scrolling\" style=\"--awb-border-radius-top-left:0px;--awb-border-radius-top-right:0px;--awb-border-radius-bottom-right:0px;--awb-border-radius-bottom-left:0px;--awb-flex-wrap:wrap;\" ><div class=\"fusion-builder-row fusion-row fusion-flex-align-items-flex-start fusion-flex-content-wrap\" style=\"max-width:1341.6px;margin-left: calc(-4% \/ 2 );margin-right: calc(-4% \/ 2 );\"><div class=\"fusion-layout-column fusion_builder_column fusion-builder-column-0 fusion_builder_column_1_1 1_1 fusion-flex-column\" style=\"--awb-bg-size:cover;--awb-width-large:100%;--awb-margin-top-large:0px;--awb-spacing-right-large:1.92%;--awb-margin-bottom-large:0px;--awb-spacing-left-large:1.92%;--awb-width-medium:100%;--awb-order-medium:0;--awb-spacing-right-medium:1.92%;--awb-spacing-left-medium:1.92%;--awb-width-small:100%;--awb-order-small:0;--awb-spacing-right-small:1.92%;--awb-spacing-left-small:1.92%;\"><div class=\"fusion-column-wrapper fusion-column-has-shadow fusion-flex-justify-content-flex-start fusion-content-layout-column\"><style type=\"text\/css\">#accordian-1 .fusion-panel:hover,#accordian-1 .fusion-panel.hover{ background-color: #f9f9f9 } #accordian-1 .fusion-panel { border-color:#cccccc; border-width:1px; background-color:#ffffff; }.fusion-accordian #accordian-1 .panel-title a .fa-fusion-box:before{ font-size: 13px;width: 13px;}.fusion-accordian #accordian-1 .panel-title a .fa-fusion-box{ color: #ffffff;}.fusion-accordian  #accordian-1 .panel-title a{font-family:\"Montserrat\";font-style:normal;font-weight:400;}.fusion-accordian  #accordian-1 .panel-title a:not(:hover){color:#ffffff;}.fusion-accordian  #accordian-1 .toggle-content{font-family:\"Open Sans\";font-style:normal;font-weight:300;}.fusion-accordian #accordian-1 .fa-fusion-box { background-color: #333333 !important;border-color: #333333 !important;}.fusion-accordian #accordian-1 .panel-title a:hover,.fusion-accordian #accordian-1 .panel-title a.hover { color: #f5b41b;}.fusion-faq-shortcode .fusion-accordian #accordian-1 .fusion-toggle-boxed-mode:hover .panel-title a { color: #f5b41b;}.fusion-accordian #accordian-1 .panel-title .active .fa-fusion-box,.fusion-accordian #accordian-1 .panel-title a:hover .fa-fusion-box,.fusion-accordian #accordian-1 .panel-title a.hover .fa-fusion-box { background-color: #f5b41b!important;border-color: #f5b41b!important;}<\/style><div class=\"fusion-faq-shortcode\" style=\"\"><div class=\"fusion-faqs-wrapper\"><div class=\"accordian fusion-accordian\"><div class=\"panel-group \" id=\"accordian-1\"><div class=\"fusion-panel fusion-toggle-no-divider fusion-toggle-boxed-mode panel-default fusion-faq-post fusion-faq-post-11169 \"><span class=\"entry-title rich-snippet-hidden\">\u00bfCu\u00e1ndo recibir\u00e9 mi pedido?<\/span><span class=\"vcard rich-snippet-hidden\"><span class=\"fn\"><a href=\"https:\/\/qrosoft.mx\/tiendabosquedeniebla\/author\/qrosoft\/\" title=\"Entradas de Jos\u00e9 Manuel Irra Bocanegra\" rel=\"author\">Jos\u00e9 Manuel Irra Bocanegra<\/a><\/span><\/span><span class=\"updated rich-snippet-hidden\">2026-03-09T10:05:19-06:00<\/span><div class=\"panel-heading\"><h4 id=\"faq_1-11169\" class=\"panel-title toggle\"><a data-toggle=\"collapse\" class=\"collapsed\" data-parent=\"#accordian-1\" data-target=\"#collapse-1-11169\" href=\"#collapse-1-11169\" aria-expanded=\"false\"><div class=\"fusion-toggle-icon-wrapper\"><div class=\"fusion-toggle-icon-wrapper-main\"><div class=\"fusion-toggle-icon-wrapper-sub\"><i class=\"fa-fusion-box active-icon awb-icon-minus\" aria-hidden=\"true\"><\/i><i class=\"fa-fusion-box inactive-icon awb-icon-plus\" aria-hidden=\"true\"><\/i><\/div><\/div><\/div><div class=\"fusion-toggle-heading\">\u00bfCu\u00e1ndo recibir\u00e9 mi pedido?<\/div><\/a><\/h4><\/div><div id=\"collapse-1-11169\" aria-labelledby=\"faq_1-11169\" class=\"panel-collapse collapse\"><div class=\"panel-body toggle-content post-content\"><p>Realizamos env\u00edos a todo el pa\u00eds cada semana los d\u00edas martes. Para asegurarnos de que tu pedido salga bien, cerramos pedidos el viernes de cada semana, por lo que si tu compra se realiz\u00f3 durante el fin de semana, la estaremos enviando el martes de la siguiente semana.<\/p>\n<p>Desgraciadamente no podemos enviar todos los d\u00edas ya que el servicio de paqueter\u00eda puede atrasar la entrega y afectar la vida de las plantas dentro de tu paquete.<\/p>\n<p>Para dar seguimiento a tu compra, escr\u00edbenos a: ventas@bosquedeniebla.com.mx o al WhatsApp +52 273 120 8282<\/p>\n<\/div><\/div><\/div><div class=\"fusion-panel fusion-toggle-no-divider fusion-toggle-boxed-mode panel-default fusion-faq-post fusion-faq-post-11166 \"><span class=\"entry-title rich-snippet-hidden\">\u00bfPuedo ir a Las Ca\u00f1adas a comprar semillas y plantas en cualquier momento?<\/span><span class=\"vcard rich-snippet-hidden\"><span class=\"fn\"><a href=\"https:\/\/qrosoft.mx\/tiendabosquedeniebla\/author\/qrosoft\/\" title=\"Entradas de Jos\u00e9 Manuel Irra Bocanegra\" rel=\"author\">Jos\u00e9 Manuel Irra Bocanegra<\/a><\/span><\/span><span class=\"updated rich-snippet-hidden\">2026-03-09T10:04:07-06:00<\/span><div class=\"panel-heading\"><h4 id=\"faq_1-11166\" class=\"panel-title toggle\"><a data-toggle=\"collapse\" class=\"collapsed\" data-parent=\"#accordian-1\" data-target=\"#collapse-1-11166\" href=\"#collapse-1-11166\" aria-expanded=\"false\"><div class=\"fusion-toggle-icon-wrapper\"><div class=\"fusion-toggle-icon-wrapper-main\"><div class=\"fusion-toggle-icon-wrapper-sub\"><i class=\"fa-fusion-box active-icon awb-icon-minus\" aria-hidden=\"true\"><\/i><i class=\"fa-fusion-box inactive-icon awb-icon-plus\" aria-hidden=\"true\"><\/i><\/div><\/div><\/div><div class=\"fusion-toggle-heading\">\u00bfPuedo ir a Las Ca\u00f1adas a comprar semillas y plantas en cualquier momento?<\/div><\/a><\/h4><\/div><div id=\"collapse-1-11166\" aria-labelledby=\"faq_1-11166\" class=\"panel-collapse collapse\"><div class=\"panel-body toggle-content post-content\"><p>Puedes venir a recoger tu pedido o comprar directamente en los horarios que est\u00e1 abierto nuestro vivero. Recomendamos consultar y hacer tu pedido con anticipaci\u00f3n para asegurarte que contamos con lo que necesitas y facilitar los tiempos de entrega.<\/p>\n<p><strong>Horarios del vivero:<\/strong><br \/>\nLunes a Viernes: 8:00am \u2013 4:00pm<br \/>\nS\u00e1bado: 8:00am \u2013 2:00pm<br \/>\nDomingos: CERRADO<\/p>\n<\/div><\/div><\/div><div class=\"fusion-panel fusion-toggle-no-divider fusion-toggle-boxed-mode panel-default fusion-faq-post fusion-faq-post-11164 \"><span class=\"entry-title rich-snippet-hidden\">\u00bfCu\u00e1nta \u00e1rea puedo sembrar con el contenido de cada sobre?<\/span><span class=\"vcard rich-snippet-hidden\"><span class=\"fn\"><a href=\"https:\/\/qrosoft.mx\/tiendabosquedeniebla\/author\/qrosoft\/\" title=\"Entradas de Jos\u00e9 Manuel Irra Bocanegra\" rel=\"author\">Jos\u00e9 Manuel Irra Bocanegra<\/a><\/span><\/span><span class=\"updated rich-snippet-hidden\">2026-03-09T10:01:58-06:00<\/span><div class=\"panel-heading\"><h4 id=\"faq_1-11164\" class=\"panel-title toggle\"><a data-toggle=\"collapse\" class=\"collapsed\" data-parent=\"#accordian-1\" data-target=\"#collapse-1-11164\" href=\"#collapse-1-11164\" aria-expanded=\"false\"><div class=\"fusion-toggle-icon-wrapper\"><div class=\"fusion-toggle-icon-wrapper-main\"><div class=\"fusion-toggle-icon-wrapper-sub\"><i class=\"fa-fusion-box active-icon awb-icon-minus\" aria-hidden=\"true\"><\/i><i class=\"fa-fusion-box inactive-icon awb-icon-plus\" aria-hidden=\"true\"><\/i><\/div><\/div><\/div><div class=\"fusion-toggle-heading\">\u00bfCu\u00e1nta \u00e1rea puedo sembrar con el contenido de cada sobre?<\/div><\/a><\/h4><\/div><div id=\"collapse-1-11164\" aria-labelledby=\"faq_1-11164\" class=\"panel-collapse collapse\"><div class=\"panel-body toggle-content post-content\"><p>El espacio var\u00eda en cada especie. Consulta la informaci\u00f3n dentro de la descripci\u00f3n de cada semilla o planta.<\/p>\n<\/div><\/div><\/div><div class=\"fusion-panel fusion-toggle-no-divider fusion-toggle-boxed-mode panel-default fusion-faq-post fusion-faq-post-11162 \"><span class=\"entry-title rich-snippet-hidden\">\u00bfCu\u00e1ntas semillas trae cada sobre?<\/span><span class=\"vcard rich-snippet-hidden\"><span class=\"fn\"><a href=\"https:\/\/qrosoft.mx\/tiendabosquedeniebla\/author\/qrosoft\/\" title=\"Entradas de Jos\u00e9 Manuel Irra Bocanegra\" rel=\"author\">Jos\u00e9 Manuel Irra Bocanegra<\/a><\/span><\/span><span class=\"updated rich-snippet-hidden\">2026-03-09T10:01:14-06:00<\/span><div class=\"panel-heading\"><h4 id=\"faq_1-11162\" class=\"panel-title toggle\"><a data-toggle=\"collapse\" class=\"collapsed\" data-parent=\"#accordian-1\" data-target=\"#collapse-1-11162\" href=\"#collapse-1-11162\" aria-expanded=\"false\"><div class=\"fusion-toggle-icon-wrapper\"><div class=\"fusion-toggle-icon-wrapper-main\"><div class=\"fusion-toggle-icon-wrapper-sub\"><i class=\"fa-fusion-box active-icon awb-icon-minus\" aria-hidden=\"true\"><\/i><i class=\"fa-fusion-box inactive-icon awb-icon-plus\" aria-hidden=\"true\"><\/i><\/div><\/div><\/div><div class=\"fusion-toggle-heading\">\u00bfCu\u00e1ntas semillas trae cada sobre?<\/div><\/a><\/h4><\/div><div id=\"collapse-1-11162\" aria-labelledby=\"faq_1-11162\" class=\"panel-collapse collapse\"><div class=\"panel-body toggle-content post-content\"><p>La cantidad var\u00eda en cada especie. Consulta la informaci\u00f3n dentro de la descripci\u00f3n de cada semilla.<\/p>\n<\/div><\/div><\/div><div class=\"fusion-panel fusion-toggle-no-divider fusion-toggle-boxed-mode panel-default fusion-faq-post fusion-faq-post-11160 \"><span class=\"entry-title rich-snippet-hidden\">\u00bfDe qu\u00e9 tama\u00f1o son las varetas?<\/span><span class=\"vcard rich-snippet-hidden\"><span class=\"fn\"><a href=\"https:\/\/qrosoft.mx\/tiendabosquedeniebla\/author\/qrosoft\/\" title=\"Entradas de Jos\u00e9 Manuel Irra Bocanegra\" rel=\"author\">Jos\u00e9 Manuel Irra Bocanegra<\/a><\/span><\/span><span class=\"updated rich-snippet-hidden\">2026-03-09T09:59:10-06:00<\/span><div class=\"panel-heading\"><h4 id=\"faq_1-11160\" class=\"panel-title toggle\"><a data-toggle=\"collapse\" class=\"collapsed\" data-parent=\"#accordian-1\" data-target=\"#collapse-1-11160\" href=\"#collapse-1-11160\" aria-expanded=\"false\"><div class=\"fusion-toggle-icon-wrapper\"><div class=\"fusion-toggle-icon-wrapper-main\"><div class=\"fusion-toggle-icon-wrapper-sub\"><i class=\"fa-fusion-box active-icon awb-icon-minus\" aria-hidden=\"true\"><\/i><i class=\"fa-fusion-box inactive-icon awb-icon-plus\" aria-hidden=\"true\"><\/i><\/div><\/div><\/div><div class=\"fusion-toggle-heading\">\u00bfDe qu\u00e9 tama\u00f1o son las varetas?<\/div><\/a><\/h4><\/div><div id=\"collapse-1-11160\" aria-labelledby=\"faq_1-11160\" class=\"panel-collapse collapse\"><div class=\"panel-body toggle-content post-content\"><p>De 40cm aproximadamente.<\/p>\n<\/div><\/div><\/div><div class=\"fusion-panel fusion-toggle-no-divider fusion-toggle-boxed-mode panel-default fusion-faq-post fusion-faq-post-11157 \"><span class=\"entry-title rich-snippet-hidden\">\u00bfQu\u00e9 plantas se dan bien en mi clima?<\/span><span class=\"vcard rich-snippet-hidden\"><span class=\"fn\"><a href=\"https:\/\/qrosoft.mx\/tiendabosquedeniebla\/author\/qrosoft\/\" title=\"Entradas de Jos\u00e9 Manuel Irra Bocanegra\" rel=\"author\">Jos\u00e9 Manuel Irra Bocanegra<\/a><\/span><\/span><span class=\"updated rich-snippet-hidden\">2026-03-09T09:57:22-06:00<\/span><div class=\"panel-heading\"><h4 id=\"faq_1-11157\" class=\"panel-title toggle\"><a data-toggle=\"collapse\" class=\"collapsed\" data-parent=\"#accordian-1\" data-target=\"#collapse-1-11157\" href=\"#collapse-1-11157\" aria-expanded=\"false\"><div class=\"fusion-toggle-icon-wrapper\"><div class=\"fusion-toggle-icon-wrapper-main\"><div class=\"fusion-toggle-icon-wrapper-sub\"><i class=\"fa-fusion-box active-icon awb-icon-minus\" aria-hidden=\"true\"><\/i><i class=\"fa-fusion-box inactive-icon awb-icon-plus\" aria-hidden=\"true\"><\/i><\/div><\/div><\/div><div class=\"fusion-toggle-heading\">\u00bfQu\u00e9 plantas se dan bien en mi clima?<\/div><\/a><\/h4><\/div><div id=\"collapse-1-11157\" aria-labelledby=\"faq_1-11157\" class=\"panel-collapse collapse\"><div class=\"panel-body toggle-content post-content\"><p>Consulta nuestra tabla de Zonas Clim\u00e1ticas para identificar el tipo de ecosistema que hay o hab\u00eda en tu zona. Esto te ayudar\u00e1 a entender la informaci\u00f3n que hay dentro de cada semilla o planta para saber qu\u00e9 puede crecer en tu zona.<\/p>\n<\/div><\/div><\/div><div class=\"fusion-panel fusion-toggle-no-divider fusion-toggle-boxed-mode panel-default fusion-faq-post fusion-faq-post-11154 \"><span class=\"entry-title rich-snippet-hidden\">\u00bfLas semillas son transg\u00e9nicas?<\/span><span class=\"vcard rich-snippet-hidden\"><span class=\"fn\"><a href=\"https:\/\/qrosoft.mx\/tiendabosquedeniebla\/author\/qrosoft\/\" title=\"Entradas de Jos\u00e9 Manuel Irra Bocanegra\" rel=\"author\">Jos\u00e9 Manuel Irra Bocanegra<\/a><\/span><\/span><span class=\"updated rich-snippet-hidden\">2026-03-09T09:56:17-06:00<\/span><div class=\"panel-heading\"><h4 id=\"faq_1-11154\" class=\"panel-title toggle\"><a data-toggle=\"collapse\" class=\"collapsed\" data-parent=\"#accordian-1\" data-target=\"#collapse-1-11154\" href=\"#collapse-1-11154\" aria-expanded=\"false\"><div class=\"fusion-toggle-icon-wrapper\"><div class=\"fusion-toggle-icon-wrapper-main\"><div class=\"fusion-toggle-icon-wrapper-sub\"><i class=\"fa-fusion-box active-icon awb-icon-minus\" aria-hidden=\"true\"><\/i><i class=\"fa-fusion-box inactive-icon awb-icon-plus\" aria-hidden=\"true\"><\/i><\/div><\/div><\/div><div class=\"fusion-toggle-heading\">\u00bfLas semillas son transg\u00e9nicas?<\/div><\/a><\/h4><\/div><div id=\"collapse-1-11154\" aria-labelledby=\"faq_1-11154\" class=\"panel-collapse collapse\"><div class=\"panel-body toggle-content post-content\"><p>No, estamos totalmente en contra de este tipo de semillas por muchas razones. Para mayor informaci\u00f3n sobre los transg\u00e9nicos, visita la p\u00e1gina web: <\/p>\n<\/div><\/div><\/div><div class=\"fusion-panel fusion-toggle-no-divider fusion-toggle-boxed-mode panel-default fusion-faq-post fusion-faq-post-11151 \"><span class=\"entry-title rich-snippet-hidden\">\u00bfLas semillas est\u00e1n certificadas como org\u00e1nicas?<\/span><span class=\"vcard rich-snippet-hidden\"><span class=\"fn\"><a href=\"https:\/\/qrosoft.mx\/tiendabosquedeniebla\/author\/qrosoft\/\" title=\"Entradas de Jos\u00e9 Manuel Irra Bocanegra\" rel=\"author\">Jos\u00e9 Manuel Irra Bocanegra<\/a><\/span><\/span><span class=\"updated rich-snippet-hidden\">2026-03-09T09:55:01-06:00<\/span><div class=\"panel-heading\"><h4 id=\"faq_1-11151\" class=\"panel-title toggle\"><a data-toggle=\"collapse\" class=\"collapsed\" data-parent=\"#accordian-1\" data-target=\"#collapse-1-11151\" href=\"#collapse-1-11151\" aria-expanded=\"false\"><div class=\"fusion-toggle-icon-wrapper\"><div class=\"fusion-toggle-icon-wrapper-main\"><div class=\"fusion-toggle-icon-wrapper-sub\"><i class=\"fa-fusion-box active-icon awb-icon-minus\" aria-hidden=\"true\"><\/i><i class=\"fa-fusion-box inactive-icon awb-icon-plus\" aria-hidden=\"true\"><\/i><\/div><\/div><\/div><div class=\"fusion-toggle-heading\">\u00bfLas semillas est\u00e1n certificadas como org\u00e1nicas?<\/div><\/a><\/h4><\/div><div id=\"collapse-1-11151\" aria-labelledby=\"faq_1-11151\" class=\"panel-collapse collapse\"><div class=\"panel-body toggle-content post-content\"><p>No, en Cooperativa Las Ca\u00f1adas no estamos interesados en ninguna certificaci\u00f3n que encarezca nuestros productos y cuyos est\u00e1ndares est\u00e9n por debajo de nuestros propios est\u00e1ndares de sustentabilidad.<\/p>\n<\/div><\/div><\/div><div class=\"fusion-panel fusion-toggle-no-divider fusion-toggle-boxed-mode panel-default fusion-faq-post fusion-faq-post-11147 \"><span class=\"entry-title rich-snippet-hidden\">\u00bfLas semillas son org\u00e1nicas?<\/span><span class=\"vcard rich-snippet-hidden\"><span class=\"fn\"><a href=\"https:\/\/qrosoft.mx\/tiendabosquedeniebla\/author\/qrosoft\/\" title=\"Entradas de Jos\u00e9 Manuel Irra Bocanegra\" rel=\"author\">Jos\u00e9 Manuel Irra Bocanegra<\/a><\/span><\/span><span class=\"updated rich-snippet-hidden\">2026-03-09T09:53:20-06:00<\/span><div class=\"panel-heading\"><h4 id=\"faq_1-11147\" class=\"panel-title toggle\"><a data-toggle=\"collapse\" class=\"collapsed\" data-parent=\"#accordian-1\" data-target=\"#collapse-1-11147\" href=\"#collapse-1-11147\" aria-expanded=\"false\"><div class=\"fusion-toggle-icon-wrapper\"><div class=\"fusion-toggle-icon-wrapper-main\"><div class=\"fusion-toggle-icon-wrapper-sub\"><i class=\"fa-fusion-box active-icon awb-icon-minus\" aria-hidden=\"true\"><\/i><i class=\"fa-fusion-box inactive-icon awb-icon-plus\" aria-hidden=\"true\"><\/i><\/div><\/div><\/div><div class=\"fusion-toggle-heading\">\u00bfLas semillas son org\u00e1nicas?<\/div><\/a><\/h4><\/div><div id=\"collapse-1-11147\" aria-labelledby=\"faq_1-11147\" class=\"panel-collapse collapse\"><div class=\"panel-body toggle-content post-content\"><p>Practicamos la agroecolog\u00eda lo que quiere decir que vamos m\u00e1s all\u00e1 de la simple producci\u00f3n org\u00e1nica que solo significa una sustituci\u00f3n de insumos, en donde en lugar de qu\u00edmicos se usan insumos org\u00e1nicos.<\/p>\n<p>La agroecolog\u00eda no usa plaguicidas aunque sean org\u00e1nicos. Se basa en el redise\u00f1o a fondo los sistemas agr\u00edcolas y uso de plantas adaptadas a nuestras condiciones.<br \/>\nTodas nuestras plantas y semillas est\u00e1n producidas sin fertilizantes qu\u00edmicos, plaguicidas, herbicidas, fungicidas o enrraizadores artificiales.<\/p>\n<\/div><\/div><\/div><\/div><\/div><\/div><\/div><\/div><\/div><\/div><\/div>\n","protected":false},"excerpt":{"rendered":"","protected":false},"author":990015,"featured_media":0,"parent":0,"menu_order":0,"comment_status":"closed","ping_status":"closed","template":"","meta":{"inline_featured_image":false,"_monsterinsights_skip_tracking":false,"_monsterinsights_sitenote_active":false,"_monsterinsights_sitenote_note":"","_monsterinsights_sitenote_category":0,"footnotes":""},"class_list":["post-6947","page","type-page","status-publish","hentry"],"_links":{"self":[{"href":"https:\/\/qrosoft.mx\/tiendabosquedeniebla\/wp-json\/wp\/v2\/pages\/6947","targetHints":{"allow":["GET"]}}],"collection":[{"href":"https:\/\/qrosoft.mx\/tiendabosquedeniebla\/wp-json\/wp\/v2\/pages"}],"about":[{"href":"https:\/\/qrosoft.mx\/tiendabosquedeniebla\/wp-json\/wp\/v2\/types\/page"}],"author":[{"embeddable":true,"href":"https:\/\/qrosoft.mx\/tiendabosquedeniebla\/wp-json\/wp\/v2\/users\/990015"}],"replies":[{"embeddable":true,"href":"https:\/\/qrosoft.mx\/tiendabosquedeniebla\/wp-json\/wp\/v2\/comments?post=6947"}],"version-history":[{"count":13,"href":"https:\/\/qrosoft.mx\/tiendabosquedeniebla\/wp-json\/wp\/v2\/pages\/6947\/revisions"}],"predecessor-version":[{"id":11171,"href":"https:\/\/qrosoft.mx\/tiendabosquedeniebla\/wp-json\/wp\/v2\/pages\/6947\/revisions\/11171"}],"wp:attachment":[{"href":"https:\/\/qrosoft.mx\/tiendabosquedeniebla\/wp-json\/wp\/v2\/media?parent=6947"}],"curies":[{"name":"wp","href":"https:\/\/api.w.org\/{rel}","templated":true}]}}