{"id":1799,"date":"2020-12-16T22:44:45","date_gmt":"2020-12-17T04:44:45","guid":{"rendered":"https:\/\/qrosoft.mx\/tiendabosquedeniebla\/?page_id=1799"},"modified":"2026-03-11T18:05:03","modified_gmt":"2026-03-12T00:05:03","slug":"politicas-de-privacidad","status":"publish","type":"page","link":"https:\/\/qrosoft.mx\/tiendabosquedeniebla\/politicas-de-privacidad\/","title":{"rendered":"Aviso de Privacidad"},"content":{"rendered":"<div class=\"fusion-fullwidth fullwidth-box fusion-builder-row-1 fusion-flex-container nonhundred-percent-fullwidth non-hundred-percent-height-scrolling\" style=\"--awb-border-radius-top-left:0px;--awb-border-radius-top-right:0px;--awb-border-radius-bottom-right:0px;--awb-border-radius-bottom-left:0px;--awb-flex-wrap:wrap;\" ><div class=\"fusion-builder-row fusion-row fusion-flex-align-items-flex-start fusion-flex-content-wrap\" style=\"max-width:1341.6px;margin-left: calc(-4% \/ 2 );margin-right: calc(-4% \/ 2 );\"><div class=\"fusion-layout-column fusion_builder_column fusion-builder-column-0 fusion_builder_column_1_1 1_1 fusion-flex-column\" style=\"--awb-bg-size:cover;--awb-width-large:100%;--awb-margin-top-large:0px;--awb-spacing-right-large:1.92%;--awb-margin-bottom-large:0px;--awb-spacing-left-large:1.92%;--awb-width-medium:100%;--awb-spacing-right-medium:1.92%;--awb-spacing-left-medium:1.92%;--awb-width-small:100%;--awb-spacing-right-small:1.92%;--awb-spacing-left-small:1.92%;\"><div class=\"fusion-column-wrapper fusion-flex-justify-content-flex-start fusion-content-layout-column\"><div class=\"fusion-text fusion-text-1\"><p>En cumplimiento de la Ley Federal de Protecci\u00f3n de Datos Personales en Posesi\u00f3n de los Particulares, ponemos a su disposici\u00f3n el presente Aviso de Privacidad.<\/p>\n<p><strong>Identidad y domicilio del responsable<\/strong><br \/>\nAgroecolog\u00eda y Ecoturismo Las Ca\u00f1adas S.C. de R.L. de C.V. (en adelante \u201cLas Ca\u00f1adas\u201d) con domicilio para recibir notificaciones en Domicilio Conocido sn, Coxolo, Huatusco, Veracruz, C.P. 94100, es responsable del uso y protecci\u00f3n de sus datos personales, y al respecto le informamos lo siguiente:<\/p>\n<p><strong>Finalidades del tratamiento<\/strong><br \/>\nLos datos personales que se recaban ser\u00e1n utilizados para las siguientes finalidades que son necesarias para el servicio solicitado:<br \/>\n&#8211; Finalidad de contacto<br \/>\n&#8211; Finalidad de facturaci\u00f3n<br \/>\n&#8211; Finalidad de env\u00edo y entrega de productos<br \/>\n&#8211; Finalidad de cotizaci\u00f3n y venta de servicios de cursos y hospedaje<\/p>\n<p>De manera adicional, usaremos su informaci\u00f3n personal para las siguientes finalidades que no son necesarias para el servicio solicitado, pero que nos permiten y facilitan brindarle una mejor atenci\u00f3n:<br \/>\n&#8211; Finalidad de enviar informaci\u00f3n promocional<br \/>\n&#8211; Finalidad de realizar encuestas de satisfacci\u00f3n<br \/>\n&#8211; Finalidad de investigaci\u00f3n y an\u00e1lisis de mercado<\/p>\n<p>En caso de que no desee que sus datos personales sean tratados para estos fines adicionales, usted puede manifestarlo enviando un correo electr\u00f3nico a la direcci\u00f3n:<br \/>\n<a href=\"mailto:info@bosquedeniebla.com.mx\">info@bosquedeniebla.com.mx<\/a><\/p>\n<p><strong>Para llevar a cabo las finalidades descritas en este Aviso de Privacidad, Las Ca\u00f1adas har\u00e1 uso de los siguientes datos personales:<\/strong><br \/>\n&#8211; Datos de identificaci\u00f3n y contacto: nombre, domicilio, tel\u00e9fono, celular, correo electr\u00f3nico, n\u00famero de tarjeta de cr\u00e9dito, vencimiento.<br \/>\n&#8211; Datos de facturaci\u00f3n: raz\u00f3n social, domicilio (calle, numero exterior, numero interior, colonia, c\u00f3digo postal, localidad), ciudad (ciudad, municipio, estado, pa\u00eds), RFC, correo electr\u00f3nico.<\/p>\n<p>Las Ca\u00f1adas no recaba datos personales sensibles y no compartir\u00e1 sus datos personales con terceros, salvo por requerimientos legales. Los datos ser\u00e1n utilizados para los fines se\u00f1alados en este Aviso de Privacidad.<\/p>\n<p><strong>Uso de cookies, web beacons o tecnolog\u00eda similar<\/strong><br \/>\nLas Ca\u00f1adas cuenta con dos sitios web:<br \/>\n<strong><a href=\"https:\/\/bosquedeniebla.com.mx\">https:\/\/bosquedeniebla.com.mx<\/a><\/strong><br \/>\ny<br \/>\n<strong><a href=\"https:\/\/tienda.bosquedeniebla.com.mx\">https:\/\/tienda.bosquedeniebla.com.mx<\/a><\/strong><br \/>\nlos cuales usan cookies, web beacons o tecnolog\u00edas similares para ofrecer una mejor experiencia de navegaci\u00f3n en nuestros sitios web. Usted puede limitar el uso de estas tecnolog\u00edas. Consulte y configure las preferencias de privacidad establecidas en su navegador de p\u00e1ginas web.<\/p>\n<p><strong>Fundamento legal<\/strong><br \/>\nLas Ca\u00f1adas trata los datos personales antes se\u00f1alados con fundamento en la Ley Federal de Protecci\u00f3n de Datos Personales en Posesi\u00f3n de los Particulares.<\/p>\n<p><strong>Ejercicio de los derechos ARCO y contacto<\/strong><br \/>\nEl titular de los datos personales o en su caso el representante legal, podr\u00e1 ejercer su derecho de: conocer qu\u00e9 datos personales nos ha proporcionado, para qu\u00e9 los utilizamos y las condiciones del uso que les damos (acceso); de solicitar la correcci\u00f3n de su informaci\u00f3n personal cuando est\u00e9 incompleta, sea inexacta, inadecuada o excesiva (rectificaci\u00f3n); de que se elimine de nuestros registros o bases de datos cuando considere que su tratamiento contraviene lo dispuesto por la Ley de Protecci\u00f3n de Datos Personales en Posesi\u00f3n de Particulares o porque dej\u00f3 de ser necesaria para el cumplimiento de la finalidad o finalidades de dicha base (cancelaci\u00f3n); as\u00ed como oponerse al uso de sus datos personales para fines espec\u00edficos (oposici\u00f3n).<\/p>\n<p>Es importante se\u00f1alar que para el ejercicio de los derechos ARCO, el titular podr\u00e1 hacerlo enviando correo electr\u00f3nico a<br \/>\n<a href=\"mailto:info@bosquedeniebla.com.mx\">info@bosquedeniebla.com.mx<\/a><br \/>\no bien personalmente en la oficina de Las Ca\u00f1adas, ubicada en Domicilio Conocido sn, Coxolo, Huatusco, Veracruz, C.P. 94100.<\/p>\n<p>Los requisitos que debe cumplir para presentar una solicitud de derechos ARCO son los siguientes:<br \/>\n1.- El nombre del titular y su domicilio o cualquier otro medio para recibir notificaciones;<br \/>\n2.- Los documentos que acrediten la identidad del titular y, en su caso, la personalidad e identidad de su representante;<br \/>\n3.- La descripci\u00f3n clara y precisa de los datos personales respecto de los que se busca ejercer alguno de los derechos ARCO, salvo que se trate del derecho de acceso;<br \/>\n4.- La descripci\u00f3n del derecho ARCO que se pretende ejercer o, bien, lo que solicita el titular, y<br \/>\n5.- Cualquier otro elemento o documento que facilite la localizaci\u00f3n de los datos personales, de ser necesario.<\/p>\n<p>En caso de solicitar la rectificaci\u00f3n, adicionalmente deber\u00e1 indicar las modificaciones a realizarse y aportar la documentaci\u00f3n oficial necesaria que sustente su petici\u00f3n. En el derecho de cancelaci\u00f3n debe expresar las causas que motivan la eliminaci\u00f3n. Y en el derecho de oposici\u00f3n debe se\u00f1alar los motivos que justifican se finalice el tratamiento de los datos personales y el da\u00f1o o perjuicio que le causar\u00eda o, bien, si la oposici\u00f3n es parcial, debe indicar las finalidades espec\u00edficas con las que no est\u00e1 de acuerdo, siempre que no sea un requisito obligatorio.<\/p>\n<p>Las Ca\u00f1adas responder\u00e1 en el domicilio o medio que el titular de los datos personales designe en su solicitud, en un plazo de 10 d\u00edas h\u00e1biles. La respuesta indicar\u00e1 si la solicitud de acceso, rectificaci\u00f3n, cancelaci\u00f3n u oposici\u00f3n es procedente y, en su caso, har\u00e1 efectivo dentro de los 15 d\u00edas h\u00e1biles siguientes a la fecha en que comunique la respuesta.<\/p>\n<p>Si desea conocer m\u00e1s informaci\u00f3n del procedimiento para el ejercicio de estos derechos puede acudir a la oficina de Las Ca\u00f1adas, enviar un correo electr\u00f3nico a la direcci\u00f3n antes se\u00f1alada.<\/p>\n<p><strong>Cambios al aviso de privacidad<\/strong><br \/>\nEn caso de que exista un cambio de este aviso de privacidad, lo haremos de su conocimiento mediante correo electr\u00f3nico o la publicaci\u00f3n de \u00e9ste en nuestros sitios web:<br \/>\n<strong><a href=\"https:\/\/bosquedeniebla.com.mx\">https:\/\/bosquedeniebla.com.mx<\/a><\/strong><br \/>\ny<br \/>\n<strong><a href=\"https:\/\/tienda.bosquedeniebla.com.mx\">https:\/\/tienda.bosquedeniebla.com.mx<\/a><\/strong>.<\/p>\n<p>Usted puede solicitar una consulta sobre si el mismo ha sufrido alg\u00fan cambio a trav\u00e9s del correo:<br \/>\n<a href=\"mailto:info@bosquedeniebla.com.mx\">info@bosquedeniebla.com.mx<\/a>.<\/p>\n<p style=\"text-align: right;\">\u00daltima actualizaci\u00f3n: 4 de enero del 2025<\/p>\n<\/div><\/div><\/div><\/div><\/div>\n","protected":false},"excerpt":{"rendered":"","protected":false},"author":990015,"featured_media":0,"parent":0,"menu_order":0,"comment_status":"closed","ping_status":"closed","template":"","meta":{"inline_featured_image":false,"_monsterinsights_skip_tracking":false,"_monsterinsights_sitenote_active":false,"_monsterinsights_sitenote_note":"","_monsterinsights_sitenote_category":0,"footnotes":""},"class_list":["post-1799","page","type-page","status-publish","hentry"],"_links":{"self":[{"href":"https:\/\/qrosoft.mx\/tiendabosquedeniebla\/wp-json\/wp\/v2\/pages\/1799","targetHints":{"allow":["GET"]}}],"collection":[{"href":"https:\/\/qrosoft.mx\/tiendabosquedeniebla\/wp-json\/wp\/v2\/pages"}],"about":[{"href":"https:\/\/qrosoft.mx\/tiendabosquedeniebla\/wp-json\/wp\/v2\/types\/page"}],"author":[{"embeddable":true,"href":"https:\/\/qrosoft.mx\/tiendabosquedeniebla\/wp-json\/wp\/v2\/users\/990015"}],"replies":[{"embeddable":true,"href":"https:\/\/qrosoft.mx\/tiendabosquedeniebla\/wp-json\/wp\/v2\/comments?post=1799"}],"version-history":[{"count":20,"href":"https:\/\/qrosoft.mx\/tiendabosquedeniebla\/wp-json\/wp\/v2\/pages\/1799\/revisions"}],"predecessor-version":[{"id":11204,"href":"https:\/\/qrosoft.mx\/tiendabosquedeniebla\/wp-json\/wp\/v2\/pages\/1799\/revisions\/11204"}],"wp:attachment":[{"href":"https:\/\/qrosoft.mx\/tiendabosquedeniebla\/wp-json\/wp\/v2\/media?parent=1799"}],"curies":[{"name":"wp","href":"https:\/\/api.w.org\/{rel}","templated":true}]}}